{"id":902,"date":"2012-12-20T11:47:48","date_gmt":"2012-12-20T10:47:48","guid":{"rendered":"http:\/\/www.ffct-codep35.org\/?page_id=902"},"modified":"2022-05-09T18:12:50","modified_gmt":"2022-05-09T17:12:50","slug":"base-vtt-tremelin","status":"publish","type":"page","link":"https:\/\/www.ffct-codep35.org\/?page_id=902","title":{"rendered":"Base VTT-Tr\u00e9melin"},"content":{"rendered":"<h1 style=\"text-align: center;\"><span style=\"color: #ff0000;\">BASE VTT &#8211; Tr\u00e9melin<\/span><\/h1>\n<p>&nbsp;<\/p>\n<p><a href=\"https:\/\/www.ffct-codep35.org\/wp-content\/uploads\/2022\/05\/VTT-Broceliande5-Yaka-Rouler.jpg\" target=\"_blank\" rel=\"noopener\"><img loading=\"lazy\" decoding=\"async\" class=\"alignnone wp-image-5009 size-medium\" src=\"https:\/\/www.ffct-codep35.org\/wp-content\/uploads\/2022\/05\/VTT-Broceliande5-Yaka-Rouler-300x238.jpg\" alt=\"\" width=\"300\" height=\"238\" srcset=\"https:\/\/www.ffct-codep35.org\/wp-content\/uploads\/2022\/05\/VTT-Broceliande5-Yaka-Rouler-300x238.jpg 300w, https:\/\/www.ffct-codep35.org\/wp-content\/uploads\/2022\/05\/VTT-Broceliande5-Yaka-Rouler-1024x812.jpg 1024w, https:\/\/www.ffct-codep35.org\/wp-content\/uploads\/2022\/05\/VTT-Broceliande5-Yaka-Rouler-768x609.jpg 768w, https:\/\/www.ffct-codep35.org\/wp-content\/uploads\/2022\/05\/VTT-Broceliande5-Yaka-Rouler.jpg 1040w\" sizes=\"auto, (max-width: 300px) 100vw, 300px\" \/><\/a><a href=\"https:\/\/www.ffct-codep35.org\/wp-content\/uploads\/2022\/05\/20220503_134047-2.jpg\" target=\"_blank\" rel=\"noopener\"><img loading=\"lazy\" decoding=\"async\" class=\"alignnone wp-image-5011 size-medium\" src=\"https:\/\/www.ffct-codep35.org\/wp-content\/uploads\/2022\/05\/20220503_134047-2-300x169.jpg\" alt=\"\" width=\"300\" height=\"169\" srcset=\"https:\/\/www.ffct-codep35.org\/wp-content\/uploads\/2022\/05\/20220503_134047-2-300x169.jpg 300w, https:\/\/www.ffct-codep35.org\/wp-content\/uploads\/2022\/05\/20220503_134047-2-1024x576.jpg 1024w, https:\/\/www.ffct-codep35.org\/wp-content\/uploads\/2022\/05\/20220503_134047-2-768x432.jpg 768w, https:\/\/www.ffct-codep35.org\/wp-content\/uploads\/2022\/05\/20220503_134047-2.jpg 1040w\" sizes=\"auto, (max-width: 300px) 100vw, 300px\" \/><\/a><a href=\"https:\/\/www.ffct-codep35.org\/wp-content\/uploads\/2022\/05\/VTT-au-depart-du-Lac-de-Tremelin-Iffendic.jpg\" target=\"_blank\" rel=\"noopener\"><img loading=\"lazy\" decoding=\"async\" class=\"alignnone wp-image-5008 size-medium\" src=\"https:\/\/www.ffct-codep35.org\/wp-content\/uploads\/2022\/05\/VTT-au-depart-du-Lac-de-Tremelin-Iffendic-300x225.jpg\" alt=\"\" width=\"300\" height=\"225\" srcset=\"https:\/\/www.ffct-codep35.org\/wp-content\/uploads\/2022\/05\/VTT-au-depart-du-Lac-de-Tremelin-Iffendic-300x225.jpg 300w, https:\/\/www.ffct-codep35.org\/wp-content\/uploads\/2022\/05\/VTT-au-depart-du-Lac-de-Tremelin-Iffendic-1024x768.jpg 1024w, https:\/\/www.ffct-codep35.org\/wp-content\/uploads\/2022\/05\/VTT-au-depart-du-Lac-de-Tremelin-Iffendic-768x576.jpg 768w, https:\/\/www.ffct-codep35.org\/wp-content\/uploads\/2022\/05\/VTT-au-depart-du-Lac-de-Tremelin-Iffendic.jpg 1040w\" sizes=\"auto, (max-width: 300px) 100vw, 300px\" \/><\/a><\/p>\n<p><a href=\"https:\/\/veloenfrance.fr\/labels-velo?id_poi=1370\" target=\"_blank\" rel=\"noopener\"><img loading=\"lazy\" decoding=\"async\" class=\"size-medium wp-image-4097 aligncenter\" src=\"https:\/\/www.ffct-codep35.org\/wp-content\/uploads\/2019\/11\/LOGO-VELOENFRANCE-300x96.jpeg\" alt=\"\" width=\"300\" height=\"96\"><\/a><\/p>\n<p>&nbsp;<\/p>\n<h6>La Base VTT-VTC FFCT de Broc\u00e9liande est situ\u00e9e au Lac de Tr\u00e9melin \u00e0 Iffendic, \u00e0 30 mn \u00e0 l\u2019Ouest de Rennes. Entour\u00e9e de for\u00eat, c\u2019est aussi une base de loisirs \u00e0 d\u00e9couvrir en famille ou entre amis.<\/h6>\n<div>\n<h5><strong><span style=\"color: #99cc00;\">VTT<\/span><\/strong><\/h5>\n<div>\n<h6>Circuits \u00e0 t\u00e9l\u00e9charger sur <a href=\"https:\/\/lacdetremelin.com\/velo-vtt\/\" target=\"_blank\" rel=\"noopener\"><span style=\"color: #3a18f5;\"><strong>lacdetremelin.com<\/strong><\/span><\/a> ou <span style=\"color: #3a18f5;\"><a style=\"color: #3a18f5;\" href=\"https:\/\/www.broceliande-vacances.com\/preparer-vacances\/randonnees\/\" target=\"_blank\" rel=\"noopener\"><strong>broceliande-vacances.com<\/strong><\/a><\/span>, ou en vente 0.20\u20ac \u00e0 l\u2019office de tourisme sur place.<\/h6>\n<\/div>\n<\/div>\n<div>&nbsp;<\/div>\n<h5><strong><span style=\"color: #99cc00;\">Autres activit\u00e9s<\/span><\/strong><\/h5>\n<h6>Au bord du lac, plusieurs activit\u00e9s sont possibles : escalad\u2019arbres, activit\u00e9s nautiques, baignade en \u00e9t\u00e9, randonn\u00e9e \u00e0 v\u00e9lo ou \u00e0 pied, centre \u00e9questre, jeux pour enfants, expositions, animations, p\u00eache&#8230; On trouve aussi un restaurant, des h\u00e9bergements, et des salles \u00e0 louer. Hors des jours d\u2019affluence c\u2019est aussi un lieu propice \u00e0 la d\u00e9tente au c\u0153ur d\u2019une nature pr\u00e9serv\u00e9e.&nbsp;<\/h6>\n<div>\n<div>&nbsp;<\/div>\n<h5><span style=\"color: #99cc00;\"><strong>Pas tr\u00e8s loin<\/strong><\/span><\/h5>\n<div>\n<ul>\n<li>\n<h6><strong> Les incontournables \u00e0 proximit\u00e9&nbsp;:<\/strong><\/h6>\n<\/li>\n<\/ul>\n<h6>Espace Naturel du D\u00e9partement du vallon de la chambre au Loup \u00e0 Iffendic.<\/h6>\n<h6>Espace Naturel du D\u00e9partement du Domaine de Careil : r\u00e9serve ornithologique \u00e0 Iffendic<a href=\"https:\/\/www.ffct-codep35.org\/wp-content\/uploads\/2022\/05\/Office-de-tourisme-Montfort-Communaute-1.jpg\"><img loading=\"lazy\" decoding=\"async\" class=\"size-medium wp-image-5007 alignright\" src=\"https:\/\/www.ffct-codep35.org\/wp-content\/uploads\/2022\/05\/Office-de-tourisme-Montfort-Communaute-1-300x225.jpg\" alt=\"\" width=\"300\" height=\"225\" srcset=\"https:\/\/www.ffct-codep35.org\/wp-content\/uploads\/2022\/05\/Office-de-tourisme-Montfort-Communaute-1-300x225.jpg 300w, https:\/\/www.ffct-codep35.org\/wp-content\/uploads\/2022\/05\/Office-de-tourisme-Montfort-Communaute-1-1024x768.jpg 1024w, https:\/\/www.ffct-codep35.org\/wp-content\/uploads\/2022\/05\/Office-de-tourisme-Montfort-Communaute-1-768x576.jpg 768w, https:\/\/www.ffct-codep35.org\/wp-content\/uploads\/2022\/05\/Office-de-tourisme-Montfort-Communaute-1.jpg 1040w\" sizes=\"auto, (max-width: 300px) 100vw, 300px\" \/><\/a><\/h6>\n<h6>Petite Cit\u00e9 de Caract\u00e8re\u00ae de Montfort-sur-Meu<\/h6>\n<h6>Le site naturel et arch\u00e9ologique de Boutavent \u00e0 Iffendic<\/h6>\n<h6>La Maison-Ecole de Saint-Gonlay<\/h6>\n<h6>La motte f\u00e9odale et le jardin m\u00e9di\u00e9val de B\u00e9d\u00e9e<\/h6>\n<h6>La for\u00eat de Broc\u00e9liande et ses sites l\u00e9gendaires<\/h6>\n<\/div>\n<\/div>\n<h5><strong><span style=\"color: #ff0000;\">Contact :<\/span><\/strong><\/h5>\n<h6>Office de tourisme de Montfort Communaut\u00e9<\/h6>\n<h6>Tr\u00e9melin<\/h6>\n<h6>35750 IFFENDIC<\/h6>\n<h6>02 99 09 06 50<\/h6>\n<h6><span style=\"color: #3c25e8;\"><strong><a style=\"color: #3c25e8;\" href=\"mailto:tourisme@lacdetremelin.com\" target=\"_blank\" rel=\"noopener\">tourisme@lacdetremelin.com<\/a><\/strong><\/span><\/h6>\n<h6><span style=\"color: #0000ff;\"><strong><a style=\"color: #0000ff;\" href=\"https:\/\/lacdetremelin.com\/\" target=\"_blank\" rel=\"noopener\"><span style=\"color: #3c25e8;\">www.lacdetremelin.com<\/span><\/a><\/strong><\/span><\/h6>\n<p>&nbsp;<\/p>\n<h5><strong><span style=\"color: #ff0000;\">Circuits \u00e0 t\u00e9l\u00e9charger :<a href=\"https:\/\/www.ffct-codep35.org\/wp-content\/uploads\/2012\/12\/fleche_jaune.gif\"><img loading=\"lazy\" decoding=\"async\" class=\"alignright size-full wp-image-917\" title=\"fleche_jaune\" src=\"https:\/\/www.ffct-codep35.org\/wp-content\/uploads\/2012\/12\/fleche_jaune.gif\" alt=\"\" width=\"75\" height=\"53\"><\/a><\/span><\/strong><\/h5>\n<h6>Tous les circuits de la base VTT de Broc\u00e9liande sont \u00e0 t\u00e9l\u00e9charger ici&nbsp;:<strong><a href=\"https:\/\/lacdetremelin.com\/velo-vtt\/\" target=\"_blank\" rel=\"noopener\"><span style=\"color: #3c25e8;\">lacdetremelin.com <\/span><\/a><\/strong><span style=\"color: #3c25e8;\"><span style=\"color: #000000;\">ou sur le site <\/span><\/span><strong><a href=\"https:\/\/veloenfrance.fr\/labels-velo?id_poi=1370\" target=\"_blank\" rel=\"noopener\"><span style=\"color: #3c25e8;\">veloenfrance.fr<\/span><\/a><\/strong><\/h6>\n<p>&nbsp;<\/p>\n<h5><strong><span style=\"color: #ff0000;\">Acc\u00e8s<a href=\"https:\/\/www.ffct-codep35.org\/wp-content\/uploads\/2012\/12\/plan1.jpg\"><img loading=\"lazy\" decoding=\"async\" class=\"alignright size-medium wp-image-915\" title=\"plan\" src=\"https:\/\/www.ffct-codep35.org\/wp-content\/uploads\/2012\/12\/plan1-300x219.jpg\" alt=\"\" width=\"300\" height=\"219\" srcset=\"https:\/\/www.ffct-codep35.org\/wp-content\/uploads\/2012\/12\/plan1-300x219.jpg 300w, https:\/\/www.ffct-codep35.org\/wp-content\/uploads\/2012\/12\/plan1.jpg 369w\" sizes=\"auto, (max-width: 300px) 100vw, 300px\" \/><\/a><\/span><\/strong><\/h5>\n<h5>\u2022&nbsp;<strong>Voiture<\/strong><br \/>\n&#8211; RN12 (Rennes\/St-Brieuc) sortie Monfort B\u00e9d\u00e9e Pleumeleuc.<br \/>\n&#8211; RN24 (Rennes\/Vannes &#8211; Lorient) sortie Talensac Montfort, direction Iffendic.<br \/>\n\u2022&nbsp;<strong>Train<\/strong><br \/>\nGares de Montfort-sur-Meu et Montauban-de-Bretagne.<br \/>\n\u2022&nbsp;<strong>Avion<\/strong><br \/>\nA\u00e9roport de Rennes Saint-Jacques<\/h5>\n","protected":false},"excerpt":{"rendered":"<p>BASE VTT &#8211; Tr\u00e9melin &nbsp; &nbsp; La Base VTT-VTC FFCT de Broc\u00e9liande est situ\u00e9e au Lac de Tr\u00e9melin \u00e0 Iffendic, \u00e0 30 mn \u00e0 l\u2019Ouest de Rennes. Entour\u00e9e de for\u00eat, c\u2019est aussi une base de loisirs \u00e0 d\u00e9couvrir en famille ou entre amis. VTT Circuits \u00e0 t\u00e9l\u00e9charger sur lacdetremelin.com ou broceliande-vacances.com, ou en vente 0.20\u20ac &hellip; <\/p>\n<p><a class=\"more-link block-button\" href=\"https:\/\/www.ffct-codep35.org\/?page_id=902\">Continue reading &raquo;<\/a><\/p>\n","protected":false},"author":1,"featured_media":0,"parent":0,"menu_order":0,"comment_status":"closed","ping_status":"closed","template":"template-onecolumn.php","meta":{"ngg_post_thumbnail":0,"footnotes":""},"class_list":["post-902","page","type-page","status-publish","hentry","nodate"],"_links":{"self":[{"href":"https:\/\/www.ffct-codep35.org\/index.php?rest_route=\/wp\/v2\/pages\/902","targetHints":{"allow":["GET"]}}],"collection":[{"href":"https:\/\/www.ffct-codep35.org\/index.php?rest_route=\/wp\/v2\/pages"}],"about":[{"href":"https:\/\/www.ffct-codep35.org\/index.php?rest_route=\/wp\/v2\/types\/page"}],"author":[{"embeddable":true,"href":"https:\/\/www.ffct-codep35.org\/index.php?rest_route=\/wp\/v2\/users\/1"}],"replies":[{"embeddable":true,"href":"https:\/\/www.ffct-codep35.org\/index.php?rest_route=%2Fwp%2Fv2%2Fcomments&post=902"}],"version-history":[{"count":3,"href":"https:\/\/www.ffct-codep35.org\/index.php?rest_route=\/wp\/v2\/pages\/902\/revisions"}],"predecessor-version":[{"id":5012,"href":"https:\/\/www.ffct-codep35.org\/index.php?rest_route=\/wp\/v2\/pages\/902\/revisions\/5012"}],"wp:attachment":[{"href":"https:\/\/www.ffct-codep35.org\/index.php?rest_route=%2Fwp%2Fv2%2Fmedia&parent=902"}],"curies":[{"name":"wp","href":"https:\/\/api.w.org\/{rel}","templated":true}]}}