{"id":87,"date":"2012-02-11T21:37:21","date_gmt":"2012-02-11T20:37:21","guid":{"rendered":"http:\/\/www.ffct-codep35.org\/?page_id=87"},"modified":"2018-09-24T16:50:15","modified_gmt":"2018-09-24T15:50:15","slug":"jeunes-3","status":"publish","type":"page","link":"https:\/\/www.ffct-codep35.org\/?page_id=87","title":{"rendered":"Test \u00e0 l&rsquo;effort"},"content":{"rendered":"<p>&nbsp;<\/p>\n<p><span style=\"font-family: Times New Roman; font-size: small;\">Chaque ann\u00e9e, par tacite reconduction, la convention qui lie le comit\u00e9 d\u00e9partemental de cyclotourisme avec la M\u00e9decine du Sport du CHU de Pontchaillou pour des tests \u00e0 l\u2019effort est renouvel\u00e9e.<br \/>\n<\/span><\/p>\n<p><span style=\"font-family: Times New Roman; font-size: small;\">Le but de cette convention est de permettre \u00e0 un licenci\u00e9 de passer un test d&rsquo;effort en <strong>cas de refus de son m\u00e9decin traitant de lui d\u00e9livrer une ordonnance<\/strong>. Le co\u00fbt est de 60 \u20ac, <strong>non rembours\u00e9 par la S\u00e9curit\u00e9 Sociale.<\/strong><\/span><\/p>\n<p><span style=\"font-family: Times New Roman; font-size: small;\">La proc\u00e9dure est la suivante&nbsp;:<\/span><\/p>\n<ol>\n<li><span style=\"font-family: Times New Roman; font-size: small;\">Prendre rendez-vous par t\u00e9l\u00e9phone au 02.99.28.41.33 (Unit\u00e9 de Biologie pr\u00e8s du CHU)<\/span><\/li>\n<li><span style=\"font-family: Times New Roman; font-size: small;\">Remplir l\u2019imprim\u00e9 de demande d\u2019autorisation et l\u2019envoyer par e-mail ou par courrier au Comit\u00e9 D\u00e9partemental (retour par e-mail)<\/span><\/li>\n<li><span style=\"font-family: Times New Roman; font-size: small;\">Pr\u00e9senter le jour de l\u2019examen cette autorisation obligatoire. Le patient r\u00e8gle directement \u00e0 l\u2019Association R\u00e9gionale de la M\u00e9decine du Sport<\/span><\/li>\n<\/ol>\n<p><strong><span style=\"font-family: Times New Roman; font-size: small;\">Rappels&nbsp;: c\u2019est le licenci\u00e9 qui prend rendez-vous avec Pontchaillou et non le comit\u00e9 et n\u2019attendez pas le dernier moment pour nous envoyer la demande d\u2019autorisation.<\/span><\/strong><\/p>\n<p><span style=\"text-decoration: underline;\"><span style=\"color: #ff0000; text-decoration: underline;\">Formulaire de demande d&rsquo;autorisation en cliquant sur :<\/span><\/span>&nbsp; <a href=\"https:\/\/www.ffct-codep35.org\/wp-content\/uploads\/2018\/09\/modele-Demande-de-test-\u00e0-l-effort.doc\" class=\"mtli_attachment mtli_doc\" target=\"_blank\" rel=\"noopener\"><strong><span style=\"text-decoration: underline;\">Demande de test \u00e0 l&rsquo;effort<\/span><\/strong><\/a><\/p>\n","protected":false},"excerpt":{"rendered":"<p>&nbsp; Chaque ann\u00e9e, par tacite reconduction, la convention qui lie le comit\u00e9 d\u00e9partemental de cyclotourisme avec la M\u00e9decine du Sport du CHU de Pontchaillou pour des tests \u00e0 l\u2019effort est renouvel\u00e9e. Le but de cette convention est de permettre \u00e0 un licenci\u00e9 de passer un test d&rsquo;effort en cas de refus de son m\u00e9decin traitant &hellip; <\/p>\n<p><a class=\"more-link block-button\" href=\"https:\/\/www.ffct-codep35.org\/?page_id=87\">Continue reading &raquo;<\/a><\/p>\n","protected":false},"author":1,"featured_media":0,"parent":0,"menu_order":0,"comment_status":"closed","ping_status":"closed","template":"","meta":{"ngg_post_thumbnail":0,"footnotes":""},"class_list":["post-87","page","type-page","status-publish","hentry","nodate"],"_links":{"self":[{"href":"https:\/\/www.ffct-codep35.org\/index.php?rest_route=\/wp\/v2\/pages\/87","targetHints":{"allow":["GET"]}}],"collection":[{"href":"https:\/\/www.ffct-codep35.org\/index.php?rest_route=\/wp\/v2\/pages"}],"about":[{"href":"https:\/\/www.ffct-codep35.org\/index.php?rest_route=\/wp\/v2\/types\/page"}],"author":[{"embeddable":true,"href":"https:\/\/www.ffct-codep35.org\/index.php?rest_route=\/wp\/v2\/users\/1"}],"replies":[{"embeddable":true,"href":"https:\/\/www.ffct-codep35.org\/index.php?rest_route=%2Fwp%2Fv2%2Fcomments&post=87"}],"version-history":[{"count":18,"href":"https:\/\/www.ffct-codep35.org\/index.php?rest_route=\/wp\/v2\/pages\/87\/revisions"}],"predecessor-version":[{"id":2233,"href":"https:\/\/www.ffct-codep35.org\/index.php?rest_route=\/wp\/v2\/pages\/87\/revisions\/2233"}],"wp:attachment":[{"href":"https:\/\/www.ffct-codep35.org\/index.php?rest_route=%2Fwp%2Fv2%2Fmedia&parent=87"}],"curies":[{"name":"wp","href":"https:\/\/api.w.org\/{rel}","templated":true}]}}