{"id":85,"date":"2012-02-11T21:35:24","date_gmt":"2012-02-11T20:35:24","guid":{"rendered":"http:\/\/www.ffct-codep35.org\/?page_id=85"},"modified":"2015-09-17T07:44:01","modified_gmt":"2015-09-17T06:44:01","slug":"formation-2","status":"publish","type":"page","link":"https:\/\/www.ffct-codep35.org\/?page_id=85","title":{"rendered":"Formation"},"content":{"rendered":"<h1 style=\"text-align: center;\">La formation du Comit\u00e9 en Ille et Vilaine<\/h1>\n<h5><\/h5>\n<h5>La F\u00e9d\u00e9ration propose des formations qualifiantes avec de la documentation technique pour les cyclotouristes d\u00e9sireux de parfaire leurs connaissances et aussi pour animer dans les clubs, d\u2019encadrer leurs adh\u00e9rents ou de g\u00e9rer une structure. Ces formations sont organis\u00e9es soit par la F\u00e9d\u00e9ration soit par les ligues et certaines par les comit\u00e9s.<\/h5>\n<h5>Vous pouvez acc\u00e9der au site de la formation f\u00e9d\u00e9rale en cliquant sur ce lien : <span style=\"text-decoration: underline;\"><span style=\"color: #000080; text-decoration: underline;\"><a style=\"color: #000080; text-decoration: underline;\" href=\"http:\/\/ffct.org\/activites-federales\/adherents\/la-formation\/\" target=\"_blank\">commission formation<\/a><\/span><\/span><\/h5>\n<h5>Vous pouvez visualiser le plan de formation f\u00e9d\u00e9rale en cliquant <span style=\"text-decoration: underline;\"><span style=\"color: #000080; text-decoration: underline;\"><a style=\"color: #000080; text-decoration: underline;\" href=\"http:\/\/ffct.org\/activites-federales\/adherents\/la-formation\/informations-educateurs-federaux\/le-plan-de-formation\/\" target=\"_blank\">ici<\/a><\/span><\/span><\/h5>\n<h5><\/h5>\n<p>&nbsp;<\/p>\n<h5>La commission du comit\u00e9<\/h5>\n<h5>Elle organise des formations :<\/h5>\n<ul>\n<li>\n<h5>PSC1 et le recyclage PSC1<\/h5>\n<\/li>\n<li>\n<h5>Animateur<\/h5>\n<\/li>\n<\/ul>\n<h5>Participe \u00e0 l\u2019organisation :<\/h5>\n<ul>\n<li>\n<h5>de soir\u00e9es \u00e0 th\u00e8mes avec la commission s\u00e9curit\u00e9<\/h5>\n<\/li>\n<li>\n<h5>de formations initiateurs avec la ligue<\/h5>\n<\/li>\n<\/ul>\n<h5>Participe aux r\u00e9unions de ligue ou inter-ligues<\/h5>\n<h5>Elle peut organiser des formations diverses (m\u00e9canique, fili\u00e8re dirigeant niveau 1, etc\u2026.) \u00e0 la demande des clubs ou des adh\u00e9rents.<\/h5>\n<h5><\/h5>\n<h5>Le programme des formations pour fin 2015 et 2016<\/h5>\n<h5>se met en place doucement<\/h5>\n<ul>\n<li>\n<h5>formation PSC1 et recyclage en janvier 2016<\/h5>\n<\/li>\n<li>\n<h5>formation animateur fin f\u00e9vrier d\u00e9but mars<\/h5>\n<\/li>\n<li>\n<h5>formation encadrent (\u00e0 mettre en place et pas de date d\u00e9fini)<\/h5>\n<\/li>\n<li>\n<h5>soir\u00e9e information sur les GPS<\/h5>\n<\/li>\n<li>\n<h5>soir\u00e9e ou demi-journ\u00e9e de m\u00e9canique sur demande.<\/h5>\n<\/li>\n<li>\n<h5>Aide \u00e0 l\u2019organisation avec la commission s\u00e9curit\u00e9 et f\u00e9minines<\/h5>\n<\/li>\n<\/ul>\n<h5><\/h5>\n<h5><span style=\"text-decoration: underline;\">En 2015<\/span><\/h5>\n<ul>\n<li>\n<h5>La formation animateur s\u2019essouffle un peu mais elle sera reconduite.<\/h5>\n<\/li>\n<li>\n<h5>Les PSC1 et recyclage ont chang\u00e9 de formule et des inscriptions de licenci\u00e9s ont \u00e9t\u00e9 report\u00e9es pour 2016<\/h5>\n<\/li>\n<li>\n<h5>2 soir\u00e9es \u00e0 l\u2019initiation \u00e0 \u00ab\u00a0open Runner\u00a0\u00bb ont \u00e9t\u00e9 compl\u00e8tes.<\/h5>\n<\/li>\n<\/ul>\n<h5>Un questionnaire pour des soir\u00e9es \u00e0 th\u00e8mes en m\u00e9canique a eu tr\u00e8s peu de retour sauf au club de Bruz ou deux s\u00e9ances de 3 heures ont \u00e9t\u00e9 organis\u00e9es.<\/h5>\n<h5>L\u2019achat de GPS a \u00e9t\u00e9 r\u00e9alis\u00e9 en pr\u00e9vision d\u2019une soir\u00e9e d\u00e9couverte de l\u2019utilisation et du choix d\u2019un GPS.<\/h5>\n<h5><\/h5>\n<h5><span style=\"text-decoration: underline;\">En 2013 et 2014<\/span><\/h5>\n<h5>Les formations PSC1 n\u2019ont pas \u00e9t\u00e9 renouvel\u00e9es car prise en charge par le CDOS.<\/h5>\n<h5>La formation \u00ab\u00a0animateur\u00a0\u00bb a connu un beau succ\u00e8s avec deux sessions bien remplies.<\/h5>\n<h5>Une soir\u00e9e m\u00e9canique sp\u00e9cifique VTT avec 18 personnes pr\u00e9sentes.<\/h5>\n<h5><\/h5>\n<h5><span style=\"text-decoration: underline;\">En 2012<br \/>\n<\/span><\/h5>\n<h5>2 Formations PSC1 (20 personnes)<\/h5>\n<h5>1 formation recyclage PSC1 (10 personnes)<\/h5>\n<h5>1 formation animateur avec 7 participants. Cette formation de base de la fili\u00e8re \u00e9ducateur (gratuite) permet de savoir g\u00e9rer les nouveaux arrivants et principalement ceux qui n\u2019ont jamais pratiqu\u00e9 le v\u00e9lo.<\/h5>\n<h5>Participation \u00e0 la mise en place de la demi-journ\u00e9e de m\u00e9canique pour les f\u00e9minines de toutes \u00e0 Paris avec la participation de 3 jeunes des \u00e9coles cyclo du d\u00e9partement en tant que formateur.<\/h5>\n<p>&nbsp;<\/p>\n<h5 style=\"text-align: center;\"><a href=\"https:\/\/www.ffct-codep35.org\/wp-content\/uploads\/2012\/02\/Dominique-Morin.jpg\"><img loading=\"lazy\" decoding=\"async\" class=\"size-full wp-image-1123 aligncenter\" src=\"https:\/\/www.ffct-codep35.org\/wp-content\/uploads\/2012\/02\/Dominique-Morin.jpg\" alt=\"Dominique Morin\" width=\"100\" height=\"129\" \/><\/a>Dominique Morin<\/h5>\n<h5 style=\"text-align: center;\">Commission formation<\/h5>\n<p>&nbsp;<\/p>\n","protected":false},"excerpt":{"rendered":"<p>La formation du Comit\u00e9 en Ille et Vilaine La F\u00e9d\u00e9ration propose des formations qualifiantes avec de la documentation technique pour les cyclotouristes d\u00e9sireux de parfaire leurs connaissances et aussi pour animer dans les clubs, d\u2019encadrer leurs adh\u00e9rents ou de g\u00e9rer une structure. Ces formations sont organis\u00e9es soit par la F\u00e9d\u00e9ration soit par les ligues et &hellip; <\/p>\n<p><a class=\"more-link block-button\" href=\"https:\/\/www.ffct-codep35.org\/?page_id=85\">Continue reading &raquo;<\/a><\/p>\n","protected":false},"author":1,"featured_media":0,"parent":0,"menu_order":0,"comment_status":"closed","ping_status":"closed","template":"template-onecolumn.php","meta":{"ngg_post_thumbnail":0,"footnotes":""},"class_list":["post-85","page","type-page","status-publish","hentry","nodate"],"_links":{"self":[{"href":"https:\/\/www.ffct-codep35.org\/index.php?rest_route=\/wp\/v2\/pages\/85","targetHints":{"allow":["GET"]}}],"collection":[{"href":"https:\/\/www.ffct-codep35.org\/index.php?rest_route=\/wp\/v2\/pages"}],"about":[{"href":"https:\/\/www.ffct-codep35.org\/index.php?rest_route=\/wp\/v2\/types\/page"}],"author":[{"embeddable":true,"href":"https:\/\/www.ffct-codep35.org\/index.php?rest_route=\/wp\/v2\/users\/1"}],"replies":[{"embeddable":true,"href":"https:\/\/www.ffct-codep35.org\/index.php?rest_route=%2Fwp%2Fv2%2Fcomments&post=85"}],"version-history":[{"count":16,"href":"https:\/\/www.ffct-codep35.org\/index.php?rest_route=\/wp\/v2\/pages\/85\/revisions"}],"predecessor-version":[{"id":2549,"href":"https:\/\/www.ffct-codep35.org\/index.php?rest_route=\/wp\/v2\/pages\/85\/revisions\/2549"}],"wp:attachment":[{"href":"https:\/\/www.ffct-codep35.org\/index.php?rest_route=%2Fwp%2Fv2%2Fmedia&parent=85"}],"curies":[{"name":"wp","href":"https:\/\/api.w.org\/{rel}","templated":true}]}}