{"id":846,"date":"2012-11-19T23:03:28","date_gmt":"2012-11-19T22:03:28","guid":{"rendered":"http:\/\/www.ffct-codep35.org\/?page_id=846"},"modified":"2020-02-11T12:19:46","modified_gmt":"2020-02-11T11:19:46","slug":"ou-pratiquer","status":"publish","type":"page","link":"https:\/\/www.ffct-codep35.org\/?page_id=846","title":{"rendered":"O\u00f9 pratiquer ?"},"content":{"rendered":"<h4 style=\"text-align: justify;\">Pour trouver un club avec ses coordonn\u00e9es, cliquer sur <a href=\"https:\/\/veloenfrance.fr\/clubs\" target=\"_blank\" rel=\"noopener noreferrer\"><span style=\"color: #ff0000;\">v\u00e9loenfrance.fr\/clubs.<\/span><\/a>&nbsp; Soit vous renseignez la partie gauche de l&rsquo;\u00e9cran, soit vous zoomez sur notre d\u00e9partement.<\/h4>\n<h3 style=\"text-align: left;\">&nbsp;<\/h3>\n<p style=\"text-align: center;\">&nbsp;<\/p>\n<p style=\"text-align: center;\"><small>Afficher <a style=\"color: #0000ff; text-align: left;\" href=\"https:\/\/maps.google.fr\/maps\/ms?msa=0&amp;msid=211898791005842498407.0004ce5b66c2c3856c0fb&amp;hl=fr&amp;ie=UTF8&amp;t=m&amp;z=9&amp;source=embed\">O\u00f9 pratiquer ?<\/a> sur une carte plus grande<\/small><\/p>\n","protected":false},"excerpt":{"rendered":"<p>Pour trouver un club avec ses coordonn\u00e9es, cliquer sur v\u00e9loenfrance.fr\/clubs.&nbsp; Soit vous renseignez la partie gauche de l&rsquo;\u00e9cran, soit vous zoomez sur notre d\u00e9partement. &nbsp; &nbsp; Afficher O\u00f9 pratiquer ? sur une carte plus grande<\/p>\n","protected":false},"author":1,"featured_media":0,"parent":0,"menu_order":0,"comment_status":"closed","ping_status":"closed","template":"","meta":{"ngg_post_thumbnail":0,"footnotes":""},"class_list":["post-846","page","type-page","status-publish","hentry","nodate"],"_links":{"self":[{"href":"https:\/\/www.ffct-codep35.org\/index.php?rest_route=\/wp\/v2\/pages\/846","targetHints":{"allow":["GET"]}}],"collection":[{"href":"https:\/\/www.ffct-codep35.org\/index.php?rest_route=\/wp\/v2\/pages"}],"about":[{"href":"https:\/\/www.ffct-codep35.org\/index.php?rest_route=\/wp\/v2\/types\/page"}],"author":[{"embeddable":true,"href":"https:\/\/www.ffct-codep35.org\/index.php?rest_route=\/wp\/v2\/users\/1"}],"replies":[{"embeddable":true,"href":"https:\/\/www.ffct-codep35.org\/index.php?rest_route=%2Fwp%2Fv2%2Fcomments&post=846"}],"version-history":[{"count":3,"href":"https:\/\/www.ffct-codep35.org\/index.php?rest_route=\/wp\/v2\/pages\/846\/revisions"}],"predecessor-version":[{"id":4156,"href":"https:\/\/www.ffct-codep35.org\/index.php?rest_route=\/wp\/v2\/pages\/846\/revisions\/4156"}],"wp:attachment":[{"href":"https:\/\/www.ffct-codep35.org\/index.php?rest_route=%2Fwp%2Fv2%2Fmedia&parent=846"}],"curies":[{"name":"wp","href":"https:\/\/api.w.org\/{rel}","templated":true}]}}