{"id":3630,"date":"2017-11-11T17:01:25","date_gmt":"2017-11-11T16:01:25","guid":{"rendered":"http:\/\/www.ffct-codep35.org\/?page_id=3630"},"modified":"2024-11-25T11:52:52","modified_gmt":"2024-11-25T10:52:52","slug":"licences-2018","status":"publish","type":"page","link":"https:\/\/www.ffct-codep35.org\/?page_id=3630","title":{"rendered":"Licences \/ assurances 2025"},"content":{"rendered":"<p>&nbsp;<\/p>\n<ul>\n<li><a href=\"https:\/\/www.ffct-codep35.org\/wp-content\/uploads\/2024\/09\/2024-09-Notes-aux-structures.pdf\" class=\"mtli_attachment mtli_pdf\" target=\"_blank\" rel=\"noopener\"><strong>Note aux structures (sept 2024)<\/strong><\/a><\/li>\n<\/ul>\n<ul>\n<li><a href=\"https:\/\/www.ffct-codep35.org\/wp-content\/uploads\/2024\/09\/TARIFS-CLUBS-SAISON-2025.pdf\" class=\"mtli_attachment mtli_pdf\" target=\"_blank\" rel=\"noopener\"><strong>Tarif des licences clubs 2025<\/strong><\/a><\/li>\n<\/ul>\n<ul>\n<li><a href=\"https:\/\/www.ffct-codep35.org\/wp-content\/uploads\/2024\/11\/QUESTIONNAIRE-SANTE-MAJ20012024.pdf\" class=\"mtli_attachment mtli_pdf\" target=\"_blank\" rel=\"noopener\"><strong>Questionnaire de sant\u00e9 2025<\/strong><\/a><\/li>\n<li><a href=\"https:\/\/www.ffct-codep35.org\/wp-content\/uploads\/2024\/11\/QUESTIONNAIRE-SANTE-VERSION-COMPLETE-MAJ20012024-1.pdf\" class=\"mtli_attachment mtli_pdf\" target=\"_blank\" rel=\"noopener\"><strong>Questionnaire de sant\u00e9 2025_version compl\u00e8te<\/strong><\/a><\/li>\n<li><strong><a href=\"https:\/\/www.ffct-codep35.org\/wp-content\/uploads\/2024\/11\/MODELE-BULLETIN-D-ADHESION-CLUB-2025-1.docx\" class=\"mtli_attachment mtli_docx\" target=\"_blank\" rel=\"noopener\">Mod\u00e8le bulletin adh\u00e9sion club 2025<\/a><\/strong><\/li>\n<li><a href=\"https:\/\/www.ffct-codep35.org\/wp-content\/uploads\/2024\/11\/RESUME-NOTICE-INFORMATION-LICENCIES-A-SIGNER-SAISON-2025-.pdf\" class=\"mtli_attachment mtli_pdf\" target=\"_blank\" rel=\"noopener\"><strong>Notice d&rsquo;information du licenci\u00e9 2025 \u00e0 signer<\/strong><\/a><\/li>\n<li><a href=\"https:\/\/www.ffct-codep35.org\/wp-content\/uploads\/2024\/11\/GUIDE-ASSURANCE-LICENCIES-SAISON-2025-1.pdf\" class=\"mtli_attachment mtli_pdf\" target=\"_blank\" rel=\"noopener\"><strong>Guide assurance licenci\u00e9s 2025<\/strong><\/a><\/li>\n<li><a href=\"https:\/\/www.ffct-codep35.org\/wp-content\/uploads\/2024\/11\/TABLEAU-DE-GARANTIES-SAISON-2025-1-1.pdf\" class=\"mtli_attachment mtli_pdf\" target=\"_blank\" rel=\"noopener\"><strong>Tableau des garanties saison 2025<\/strong><\/a><\/li>\n<\/ul>\n<h3><span style=\"text-decoration: underline;\"><strong>Sinistre<\/strong><\/span><\/h3>\n<ul>\n<li><a href=\"https:\/\/www.ffct-codep35.org\/wp-content\/uploads\/2024\/11\/COMMENT-EFFECTUER-UNE-DECLARATION-DE-SINISTRE-1.pdf\" class=\"mtli_attachment mtli_pdf\" target=\"_blank\" rel=\"noopener\"><strong>Comment effectuer une d\u00e9claration de sinistre_2025<\/strong><\/a><\/li>\n<li><a href=\"https:\/\/www.ffct-codep35.org\/wp-content\/uploads\/2024\/11\/DECLARATION_ACCIDENT-FORMULAIRE-4.pdf\" class=\"mtli_attachment mtli_pdf\" target=\"_blank\" rel=\"noopener\"><strong>D\u00e9claration accident formulaire_2025<\/strong><\/a><\/li>\n<\/ul>\n","protected":false},"excerpt":{"rendered":"<p>&nbsp; Note aux structures (sept 2024) Tarif des licences clubs 2025 Questionnaire de sant\u00e9 2025 Questionnaire de sant\u00e9 2025_version compl\u00e8te Mod\u00e8le bulletin adh\u00e9sion club 2025 Notice d&rsquo;information du licenci\u00e9 2025 \u00e0 signer Guide assurance licenci\u00e9s 2025 Tableau des garanties saison 2025 Sinistre Comment effectuer une d\u00e9claration de sinistre_2025 D\u00e9claration accident formulaire_2025<\/p>\n","protected":false},"author":1,"featured_media":0,"parent":0,"menu_order":0,"comment_status":"closed","ping_status":"closed","template":"","meta":{"ngg_post_thumbnail":0,"footnotes":""},"class_list":["post-3630","page","type-page","status-publish","hentry","nodate"],"_links":{"self":[{"href":"https:\/\/www.ffct-codep35.org\/index.php?rest_route=\/wp\/v2\/pages\/3630","targetHints":{"allow":["GET"]}}],"collection":[{"href":"https:\/\/www.ffct-codep35.org\/index.php?rest_route=\/wp\/v2\/pages"}],"about":[{"href":"https:\/\/www.ffct-codep35.org\/index.php?rest_route=\/wp\/v2\/types\/page"}],"author":[{"embeddable":true,"href":"https:\/\/www.ffct-codep35.org\/index.php?rest_route=\/wp\/v2\/users\/1"}],"replies":[{"embeddable":true,"href":"https:\/\/www.ffct-codep35.org\/index.php?rest_route=%2Fwp%2Fv2%2Fcomments&post=3630"}],"version-history":[{"count":3,"href":"https:\/\/www.ffct-codep35.org\/index.php?rest_route=\/wp\/v2\/pages\/3630\/revisions"}],"predecessor-version":[{"id":6080,"href":"https:\/\/www.ffct-codep35.org\/index.php?rest_route=\/wp\/v2\/pages\/3630\/revisions\/6080"}],"wp:attachment":[{"href":"https:\/\/www.ffct-codep35.org\/index.php?rest_route=%2Fwp%2Fv2%2Fmedia&parent=3630"}],"curies":[{"name":"wp","href":"https:\/\/api.w.org\/{rel}","templated":true}]}}