{"id":3469,"date":"2017-02-21T10:35:41","date_gmt":"2017-02-21T09:35:41","guid":{"rendered":"http:\/\/www.ffct-codep35.org\/?page_id=3469"},"modified":"2018-11-01T22:23:38","modified_gmt":"2018-11-01T21:23:38","slug":"statuts-et-ri","status":"publish","type":"page","link":"https:\/\/www.ffct-codep35.org\/?page_id=3469","title":{"rendered":"Statuts et RI"},"content":{"rendered":"<h4><a href=\"https:\/\/www.ffct-codep35.org\/wp-content\/uploads\/2018\/11\/STATUTS-CODEP-OCTOBRE-2018.pdf\" class=\"mtli_attachment mtli_pdf\" target=\"_blank\" rel=\"noopener\">Statuts du Comit\u00e9 octobre 2018<\/a><\/h4>\n<h4><a href=\"https:\/\/www.ffct-codep35.org\/wp-content\/uploads\/2018\/11\/REGLEMENT-INTERIEUR-OCTOBRE-2018.pdf\" class=\"mtli_attachment mtli_pdf\" target=\"_blank\" rel=\"noopener\">R\u00e8glement Int\u00e9rieur du Comit\u00e9 octobre 2018<\/a><\/h4>\n","protected":false},"excerpt":{"rendered":"<p>Statuts du Comit\u00e9 octobre 2018 R\u00e8glement Int\u00e9rieur du Comit\u00e9 octobre 2018<\/p>\n","protected":false},"author":1,"featured_media":0,"parent":0,"menu_order":0,"comment_status":"closed","ping_status":"closed","template":"","meta":{"ngg_post_thumbnail":0,"footnotes":""},"class_list":["post-3469","page","type-page","status-publish","hentry","nodate"],"_links":{"self":[{"href":"https:\/\/www.ffct-codep35.org\/index.php?rest_route=\/wp\/v2\/pages\/3469","targetHints":{"allow":["GET"]}}],"collection":[{"href":"https:\/\/www.ffct-codep35.org\/index.php?rest_route=\/wp\/v2\/pages"}],"about":[{"href":"https:\/\/www.ffct-codep35.org\/index.php?rest_route=\/wp\/v2\/types\/page"}],"author":[{"embeddable":true,"href":"https:\/\/www.ffct-codep35.org\/index.php?rest_route=\/wp\/v2\/users\/1"}],"replies":[{"embeddable":true,"href":"https:\/\/www.ffct-codep35.org\/index.php?rest_route=%2Fwp%2Fv2%2Fcomments&post=3469"}],"version-history":[{"count":3,"href":"https:\/\/www.ffct-codep35.org\/index.php?rest_route=\/wp\/v2\/pages\/3469\/revisions"}],"predecessor-version":[{"id":3886,"href":"https:\/\/www.ffct-codep35.org\/index.php?rest_route=\/wp\/v2\/pages\/3469\/revisions\/3886"}],"wp:attachment":[{"href":"https:\/\/www.ffct-codep35.org\/index.php?rest_route=%2Fwp%2Fv2%2Fmedia&parent=3469"}],"curies":[{"name":"wp","href":"https:\/\/api.w.org\/{rel}","templated":true}]}}