{"id":336,"date":"2012-03-06T22:17:56","date_gmt":"2012-03-06T21:17:56","guid":{"rendered":"http:\/\/www.ffct-codep35.org\/?page_id=336"},"modified":"2025-12-29T18:53:42","modified_gmt":"2025-12-29T17:53:42","slug":"declaration-randonnee","status":"publish","type":"page","link":"https:\/\/www.ffct-codep35.org\/?page_id=336","title":{"rendered":"D\u00e9claration randonn\u00e9es"},"content":{"rendered":"<p><strong><span style=\"text-decoration: underline;\"><span style=\"color: navy; font-family: Arial; font-size: x-great;\">Note aux organisateurs de randonn\u00e9es&nbsp;:<\/span><\/span><\/strong><\/p>\n<p><span style=\"color: navy; font-family: Arial; font-size: x-great;\">Vous trouverez ci-dessous quelques informations et explications pour l\u2019organisation d\u2019une randonn\u00e9e cyclotouriste&nbsp;:<\/span><\/p>\n<ul>\n<li><span style=\"color: navy; font-family: Arial; font-size: x-great;\">Un mail de la Sous-Pr\u00e9fecture de Redon, que vous pouvez consulter en cliquant <span style=\"color: #ff0000;\"><a style=\"color: #ff0000;\" href=\"https:\/\/www.ffct-codep35.org\/wp-content\/uploads\/2024\/03\/Plateforme-SIMS.jpg\" target=\"_blank\" rel=\"noopener\">ici<\/a><\/span>, nous informe que vous devez obligatoirement d\u00e9clarer vos manifestations sur la plateforme SIMS en vous connectant \u00e0 l&rsquo;adresse suivante : <span style=\"color: #ff0000;\"><a style=\"color: #ff0000;\" href=\"https:\/\/declaration-manifestations.gouv.fr\/\" target=\"_blank\" rel=\"noopener\">https:\/\/declaration-manifestations.gouv.fr\/<\/a><\/span><\/span><\/li>\n<li><span style=\"color: #000080;\">Le dossier devra imp\u00e9rativement \u00eatre d\u00e9pos\u00e9 <span style=\"color: #ff0000;\"><strong>2 mois<\/strong><\/span> avant la date de votre randonn\u00e9e.<\/span><\/li>\n<li><span style=\"color: navy; font-family: Arial; font-size: x-great;\">Aviser les mairies o\u00f9 ont lieu vos ravitaillements.<\/span><\/li>\n<li><span style=\"color: navy; font-family: Arial; font-size: x-great;\">Si fl\u00e9chage vous devez imp\u00e9rativement le retirer dans les 24h apr\u00e8s votre randonn\u00e9e.<\/span><\/li>\n<li><span style=\"color: navy; font-family: Arial; font-size: x-great;\">Ne pas oublier d&rsquo;envoyer votre bilan au CoDep.<\/span><\/li>\n<\/ul>\n<p><span style=\"color: #333399;\">Vous trouverez \u00e9galement toute la documentation concernant les organisations sportives sur la voie publique, en allant sur le site de la F\u00e9d\u00e9ration avec vos identifiants puis dans l&rsquo;onglet \u00ab\u00a0Gestion documentaire\u00a0\u00bb.<\/span><\/p>\n<p><span style=\"color: navy; font-family: Arial; font-size: x-great;\">Bien entendu nous restons \u00e0 vos dispositions si besoin d\u2019infos compl\u00e9mentaires.<\/span><\/p>\n<p>&nbsp;<\/p>\n<hr>\n<p>&nbsp;<\/p>\n<p>SUBVENTION RANDO GRAVEL<\/p>\n<p>Pour inciter les clubs \u00e0 l&rsquo;organisation de randos Gravel, le CoDep propose une subvention de 100 \u20ac aux clubs organisateurs.<\/p>\n<p>La rando Gravel doit \u00eatre inscrite au calendrier et publicit\u00e9 doit \u00eatre faite en amont (entre autre via le site du CoDep)<\/p>\n<p>Apr\u00e8s l&rsquo;\u00e9v\u00e8nement, <a href=\"https:\/\/www.ffct-codep35.org\/wp-content\/uploads\/2025\/12\/Developpement-Gravel-Demande-de-subvention-2025.pdf\" class=\"mtli_attachment mtli_pdf\" target=\"_blank\" rel=\"noopener\">ce document doit \u00eatre compl\u00e9t\u00e9 et envoy\u00e9 au CoDep<\/a>.<\/p>\n","protected":false},"excerpt":{"rendered":"<p>Note aux organisateurs de randonn\u00e9es&nbsp;: Vous trouverez ci-dessous quelques informations et explications pour l\u2019organisation d\u2019une randonn\u00e9e cyclotouriste&nbsp;: Un mail de la Sous-Pr\u00e9fecture de Redon, que vous pouvez consulter en cliquant ici, nous informe que vous devez obligatoirement d\u00e9clarer vos manifestations sur la plateforme SIMS en vous connectant \u00e0 l&rsquo;adresse suivante : https:\/\/declaration-manifestations.gouv.fr\/ Le dossier devra &hellip; <\/p>\n<p><a class=\"more-link block-button\" href=\"https:\/\/www.ffct-codep35.org\/?page_id=336\">Continue reading &raquo;<\/a><\/p>\n","protected":false},"author":1,"featured_media":0,"parent":0,"menu_order":0,"comment_status":"closed","ping_status":"closed","template":"","meta":{"ngg_post_thumbnail":0,"footnotes":""},"class_list":["post-336","page","type-page","status-publish","hentry","nodate"],"_links":{"self":[{"href":"https:\/\/www.ffct-codep35.org\/index.php?rest_route=\/wp\/v2\/pages\/336","targetHints":{"allow":["GET"]}}],"collection":[{"href":"https:\/\/www.ffct-codep35.org\/index.php?rest_route=\/wp\/v2\/pages"}],"about":[{"href":"https:\/\/www.ffct-codep35.org\/index.php?rest_route=\/wp\/v2\/types\/page"}],"author":[{"embeddable":true,"href":"https:\/\/www.ffct-codep35.org\/index.php?rest_route=\/wp\/v2\/users\/1"}],"replies":[{"embeddable":true,"href":"https:\/\/www.ffct-codep35.org\/index.php?rest_route=%2Fwp%2Fv2%2Fcomments&post=336"}],"version-history":[{"count":5,"href":"https:\/\/www.ffct-codep35.org\/index.php?rest_route=\/wp\/v2\/pages\/336\/revisions"}],"predecessor-version":[{"id":6584,"href":"https:\/\/www.ffct-codep35.org\/index.php?rest_route=\/wp\/v2\/pages\/336\/revisions\/6584"}],"wp:attachment":[{"href":"https:\/\/www.ffct-codep35.org\/index.php?rest_route=%2Fwp%2Fv2%2Fmedia&parent=336"}],"curies":[{"name":"wp","href":"https:\/\/api.w.org\/{rel}","templated":true}]}}