{"id":281,"date":"2012-02-26T16:49:50","date_gmt":"2012-02-26T15:49:50","guid":{"rendered":"http:\/\/www.ffct-codep35.org\/?page_id=281"},"modified":"2026-02-05T09:24:38","modified_gmt":"2026-02-05T08:24:38","slug":"comptes-rendus","status":"publish","type":"page","link":"https:\/\/www.ffct-codep35.org\/?page_id=281","title":{"rendered":"Comptes rendus de CA"},"content":{"rendered":"<h5>Les comptes rendus du Conseil d&rsquo;Administration du Comit\u00e9 sont r\u00e9serv\u00e9s aux licenci\u00e9s du CODEP 35.<\/h5>\n<h3>Compte-rendu de l&rsquo;AG 2025 : en cours de r\u00e9daction<\/h3>\n<h3>Compte-rendu CA du 18 12 2025 : en cours de validation<\/h3>\n<h3><a href=\"https:\/\/www.ffct-codep35.org\/wp-content\/uploads\/2026\/01\/CR-du-CA-du-CODEP-35-du-25.09.2025.pdf\" class=\"mtli_attachment mtli_pdf\" target=\"_blank\" rel=\"noopener\">Compte-rendu CA du 25 09 2025<\/a><\/h3>\n<h3><a href=\"https:\/\/www.ffct-codep35.org\/wp-content\/uploads\/2025\/12\/CR-du-CA-du-CODEP-35-du-26.06.2025.pdf\" class=\"mtli_attachment mtli_pdf\" target=\"_blank\" rel=\"noopener\">Compte-rendu CA du 26 06 2025<\/a><\/h3>\n<h3><a href=\"https:\/\/www.ffct-codep35.org\/wp-content\/uploads\/2025\/12\/CR-du-CA-du-CODEP-35-du-23.04.2025.pdf\" class=\"mtli_attachment mtli_pdf\" target=\"_blank\" rel=\"noopener\">Compte-rendu CA du 23 04 2025<\/a><\/h3>\n<h3><a href=\"https:\/\/www.ffct-codep35.org\/wp-content\/uploads\/2025\/12\/CR-du-CA-du-CODEP-35-du-13.02.2025.pdf\" class=\"mtli_attachment mtli_pdf\" target=\"_blank\" rel=\"noopener\">Compte-rendu CA du 13 02 2025<\/a><\/h3>\n<h3><a href=\"https:\/\/www.ffct-codep35.org\/wp-content\/uploads\/2025\/02\/CR-du-CA-du-CODEP-35-du-11.01.2025.pdf\" class=\"mtli_attachment mtli_pdf\" target=\"_blank\" rel=\"noopener\">Compte-rendu CA du 11 01 2025<\/a><\/h3>\n<h3><a href=\"https:\/\/www.ffct-codep35.org\/wp-content\/uploads\/2025\/02\/CR-du-CA-du-CODEP-du-18.09.2024.pdf\" class=\"mtli_attachment mtli_pdf\" target=\"_blank\" rel=\"noopener\"><span style=\"text-decoration: underline;\"><span style=\"color: #000000; text-decoration: underline;\">Compte-rendu CA du 18 09 2024<\/span><\/span><\/a><\/h3>\n<h3><a href=\"https:\/\/www.ffct-codep35.org\/wp-content\/uploads\/2024\/04\/CR-du-CA-du-CODEP35-17.01.2024.pdf\" class=\"mtli_attachment mtli_pdf\" target=\"_blank\" rel=\"noopener\"><span style=\"text-decoration: underline;\"><span style=\"color: #000000; text-decoration: underline;\">Compte-rendu CA du 17 01 2024<\/span><\/span><\/a><\/h3>\n<h3><a href=\"https:\/\/www.ffct-codep35.org\/wp-content\/uploads\/2023\/11\/CR-du-CA-du-CODEP-du-21.09.2023.pdf\" class=\"mtli_attachment mtli_pdf\" target=\"_blank\" rel=\"noopener\"><span style=\"text-decoration: underline;\"><span style=\"color: #000000; text-decoration: underline;\">Compte-rendu CA du 21 09 2023<\/span><\/span><\/a><\/h3>\n<h3><a href=\"https:\/\/www.ffct-codep35.org\/wp-content\/uploads\/2023\/10\/PV-CA-du-CODEP-35-du-25.05.2023.pdf\" class=\"mtli_attachment mtli_pdf\" target=\"_blank\" rel=\"noopener\"><span style=\"text-decoration: underline;\"><span style=\"color: #000000; text-decoration: underline;\">Compte-rendu CA du 25 05 2023<\/span><\/span><\/a><\/h3>\n<h3><a href=\"https:\/\/www.ffct-codep35.org\/wp-content\/uploads\/2023\/06\/PV-CA-du-CODEP-du-03.03.2023.pdf\" class=\"mtli_attachment mtli_pdf\" target=\"_blank\" rel=\"noopener\"><span style=\"text-decoration: underline;\"><span style=\"color: #000000; text-decoration: underline;\">Compte-rendu CA du 03 03 2023<\/span><\/span><\/a><\/h3>\n<h3><a href=\"https:\/\/www.ffct-codep35.org\/wp-content\/uploads\/2023\/01\/Compte-rendu-CA-du-Codep-35-.09.11.2022.pdf\" class=\"mtli_attachment mtli_pdf\" target=\"_blank\" rel=\"noopener\"><span style=\"text-decoration: underline;\"><span style=\"color: #000000; text-decoration: underline;\">Compte-rendu CA du 16 11 2022<\/span><\/span><\/a><\/h3>\n<h3><a href=\"https:\/\/www.ffct-codep35.org\/wp-content\/uploads\/2022\/11\/CPTE-RENDU-du-CA-du-CODEP-du-16.09.2022.pdf\" class=\"mtli_attachment mtli_pdf\" target=\"_blank\" rel=\"noopener\"><span style=\"text-decoration: underline;\"><span style=\"color: #000000; text-decoration: underline;\">Compte-rendu CA du 16 09 2022<\/span><\/span><\/a><\/h3>\n<h3><a href=\"https:\/\/www.ffct-codep35.org\/wp-content\/uploads\/2022\/07\/Cpte-rendu-CA-du-CODEP-19.5.2022.pdf\" class=\"mtli_attachment mtli_pdf\" target=\"_blank\" rel=\"noopener\"><span style=\"text-decoration: underline;\"><span style=\"color: #000000; text-decoration: underline;\">Compte-rendu CA du 19 05 2022<\/span><\/span><\/a><\/h3>\n<h3><a href=\"https:\/\/www.ffct-codep35.org\/wp-content\/uploads\/2022\/03\/CR-CA-20-fevrier-2022.pdf\" class=\"mtli_attachment mtli_pdf\" target=\"_blank\" rel=\"noopener\"><span style=\"text-decoration: underline;\"><span style=\"color: #000000; text-decoration: underline;\">Compte-rendu CA du 10 02 2022<\/span><\/span><\/a><\/h3>\n<h3><a href=\"https:\/\/www.ffct-codep35.org\/wp-content\/uploads\/2022\/01\/CR-du-CA-du-Comite-du-25-novembre-2021.pdf\" class=\"mtli_attachment mtli_pdf\" target=\"_blank\" rel=\"noopener\"><span style=\"text-decoration: underline;\"><span style=\"color: #000000; text-decoration: underline;\">Compte-rendu CA du 25 11 2021<\/span><\/span><\/a><\/h3>\n<h3><a href=\"https:\/\/www.ffct-codep35.org\/wp-content\/uploads\/2021\/12\/CR-du-CA-du-Comite-du-07-octobre-2021.pdf\" class=\"mtli_attachment mtli_pdf\" target=\"_blank\" rel=\"noopener\"><span style=\"text-decoration: underline;\"><span style=\"color: #000000; text-decoration: underline;\">Compte-rendu CA du 07 10 2021<\/span><\/span><\/a><\/h3>\n<h3><a href=\"https:\/\/www.ffct-codep35.org\/wp-content\/uploads\/2021\/07\/COMPTE-RENDU-CA-du-10.06.2021.pdf\" class=\"mtli_attachment mtli_pdf\" target=\"_blank\" rel=\"noopener\"><span style=\"text-decoration: underline;\"><span style=\"color: #000000; text-decoration: underline;\">Compte-rendu CA du 10 06 2021<\/span><\/span><\/a><\/h3>\n<h3><a href=\"https:\/\/www.ffct-codep35.org\/wp-content\/uploads\/2021\/04\/CR-CA-07-avril-2021.pdf\" class=\"mtli_attachment mtli_pdf\" target=\"_blank\" rel=\"noopener\"><span style=\"text-decoration: underline;\"><span style=\"color: #000000; text-decoration: underline;\">Compte-rendu CA du 07 04 2021<\/span><\/span><\/a><\/h3>\n<h3><a href=\"https:\/\/www.ffct-codep35.org\/wp-content\/uploads\/2021\/04\/CR-CA-20-mars-2021.pdf\" class=\"mtli_attachment mtli_pdf\" target=\"_blank\" rel=\"noopener\"><span style=\"text-decoration: underline;\"><span style=\"color: #000000; text-decoration: underline;\">Compte-rendu CA du 20 03 2021<\/span><\/span><\/a><\/h3>\n<h3><a href=\"https:\/\/www.ffct-codep35.org\/wp-content\/uploads\/2020\/11\/CR-CA-19-octobre-2-020.pdf\" class=\"mtli_attachment mtli_pdf\" target=\"_blank\" rel=\"noopener noreferrer\"><span style=\"text-decoration: underline;\"><span style=\"color: #000000; text-decoration: underline;\">Compte-rendu CA&nbsp;du 19 10 2020<\/span><\/span><\/a><\/h3>\n<h3><a href=\"https:\/\/www.ffct-codep35.org\/wp-content\/uploads\/2020\/05\/CR-CA-avril-2020.pdf\" class=\"mtli_attachment mtli_pdf\" target=\"_blank\" rel=\"noopener noreferrer\"><span style=\"text-decoration: underline;\"><span style=\"color: #000000; text-decoration: underline;\">Compte-rendu CA en Avril 2<\/span><span style=\"color: #000000; text-decoration: underline;\">0<\/span><span style=\"color: #000000; text-decoration: underline;\">20<\/span><\/span><\/a><\/h3>\n<h3><a href=\"https:\/\/www.ffct-codep35.org\/wp-content\/uploads\/2020\/02\/CR-CA-17-janvier-2020.pdf\" class=\"mtli_attachment mtli_pdf\" target=\"_blank\" rel=\"noopener noreferrer\"><span style=\"text-decoration: underline;\"><span style=\"color: #000000; text-decoration: underline;\">Compte-rendu CA du 17 01 2<\/span><span style=\"color: #000000; text-decoration: underline;\">0<\/span><span style=\"color: #000000; text-decoration: underline;\">20<\/span><\/span><\/a><\/h3>\n<h3><a href=\"https:\/\/www.ffct-codep35.org\/wp-content\/uploads\/2019\/11\/CR-CA-11-octobre-2019.pdf\" class=\"mtli_attachment mtli_pdf\" target=\"_blank\" rel=\"noopener noreferrer\"><span style=\"text-decoration: underline;\"><span style=\"color: #000000; text-decoration: underline;\">Compte-rendu CA du 11 10 2<\/span><span style=\"color: #000000; text-decoration: underline;\">0<\/span><span style=\"color: #000000; text-decoration: underline;\">19<\/span><\/span><\/a><\/h3>\n<h3><a href=\"https:\/\/www.ffct-codep35.org\/wp-content\/uploads\/2019\/09\/CR-CA-19-juillet-2019.pdf\" class=\"mtli_attachment mtli_pdf\" target=\"_blank\" rel=\"noopener noreferrer\"><span style=\"text-decoration: underline;\"><span style=\"color: #000000; text-decoration: underline;\">Compte-rendu CA du 19 07 2<\/span><span style=\"color: #000000; text-decoration: underline;\">0<\/span><span style=\"color: #000000; text-decoration: underline;\">19<\/span><\/span><\/a><\/h3>\n<h3><a href=\"https:\/\/www.ffct-codep35.org\/wp-content\/uploads\/2019\/07\/CR-CA-12-avril-2019.pdf\" class=\"mtli_attachment mtli_pdf\" target=\"_blank\" rel=\"noopener noreferrer\"><span style=\"text-decoration: underline;\"><span style=\"color: #000000; text-decoration: underline;\">Compte-rendu CA du 12 04 2<\/span><span style=\"color: #000000; text-decoration: underline;\">0<\/span><span style=\"color: #000000; text-decoration: underline;\">19<\/span><\/span><\/a><\/h3>\n<h3><span style=\"text-decoration: underline;\"><a href=\"https:\/\/www.ffct-codep35.org\/wp-content\/uploads\/2019\/02\/CR-CA-18-janvier-2019.pdf\" class=\"mtli_attachment mtli_pdf\" target=\"_blank\" rel=\"noopener noreferrer\"><span style=\"color: #000000; text-decoration: underline;\">Compte-rendu CA du 18 01 2019<\/span><\/a><\/span><\/h3>\n<h3><a href=\"https:\/\/www.ffct-codep35.org\/wp-content\/uploads\/2018\/11\/CR-CA-12-octobre-2018.pdf\" class=\"mtli_attachment mtli_pdf\" target=\"_blank\" rel=\"noopener noreferrer\"><span style=\"text-decoration: underline; color: #000000;\">Compte-rendu CA du 12 10 2018<\/span><\/a><\/h3>\n<h3><a href=\"https:\/\/www.ffct-codep35.org\/wp-content\/uploads\/2018\/07\/CR-CA-15-juin-2018.pdf\" class=\"mtli_attachment mtli_pdf\" target=\"_blank\" rel=\"noopener noreferrer\"><span style=\"text-decoration: underline; color: #000000;\">Compte-rendu CA du 15 06 2018<\/span><\/a><\/h3>\n<h3><span style=\"text-decoration: underline;\"><a href=\"https:\/\/www.ffct-codep35.org\/wp-content\/uploads\/2018\/04\/CR-CA-6-avril-2018.pdf\" class=\"mtli_attachment mtli_pdf\" target=\"_blank\" rel=\"noopener noreferrer\"><span style=\"color: #000000; text-decoration: underline;\">Compte-rendu CA du 06 04 2018<\/span><\/a><\/span><\/h3>\n<h3><span style=\"color: #000000;\"><a style=\"color: #000000;\" href=\"https:\/\/www.ffct-codep35.org\/wp-content\/uploads\/2018\/02\/CR-CA-19-janvier-2018.pdf\" class=\"mtli_attachment mtli_pdf\" target=\"_blank\" rel=\"noopener noreferrer\"><span style=\"text-decoration: underline;\">Compte-rendu CA du 19 01 2018<\/span><\/a><\/span><\/h3>\n<h3><a href=\"https:\/\/www.ffct-codep35.org\/wp-content\/uploads\/2012\/02\/CR-CA-6-octobre-2017.pdf\" class=\"mtli_attachment mtli_pdf\" target=\"_blank\" rel=\"noopener noreferrer\"><span style=\"color: #000000;\"><span style=\"text-decoration: underline;\">Compte-rendu CA du 06 10 2017<\/span><\/span><\/a><\/h3>\n<h3><a href=\"https:\/\/www.ffct-codep35.org\/wp-content\/uploads\/2012\/02\/CR-CA-9-juin-2017.pdf\" class=\"mtli_attachment mtli_pdf\" target=\"_blank\" rel=\"noopener noreferrer\"><span style=\"color: #000000;\"><span style=\"text-decoration: underline;\">Compte-rendu CA du 09 06 2017<\/span><\/span><\/a><\/h3>\n<h3 style=\"text-align: left;\"><a href=\"https:\/\/www.ffct-codep35.org\/wp-content\/uploads\/2012\/02\/CR-CA-24-mars-2017.pdf\" class=\"mtli_attachment mtli_pdf\" target=\"_blank\" rel=\"noopener noreferrer\"><span style=\"text-decoration: underline; color: #000000;\"><span style=\"text-decoration: underline;\">Compte-rendu CA du 24 03 2017<\/span><\/span><\/a><\/h3>\n<h3 style=\"text-align: left;\"><a href=\"https:\/\/www.ffct-codep35.org\/wp-content\/uploads\/2012\/02\/CR-CA-7-janvier-2017.pdf\" class=\"mtli_attachment mtli_pdf\" target=\"_blank\" rel=\"noopener noreferrer\"><span style=\"text-decoration: underline; color: #000000;\"><span style=\"text-decoration: underline;\">Compte-rendu CA du 07 01 2017<\/span><\/span><\/a><\/h3>\n<h3 style=\"text-align: left;\"><a href=\"https:\/\/www.ffct-codep35.org\/wp-content\/uploads\/2017\/01\/CR-CA-25-novembre-2016.pdf\" class=\"mtli_attachment mtli_pdf\" target=\"_blank\" rel=\"noopener noreferrer\"><span style=\"text-decoration: underline; color: #000000;\"><span style=\"text-decoration: underline;\">Compte-rendu CA du 25 11 2016<\/span><\/span><\/a><\/h3>\n<h3 style=\"text-align: left;\"><a href=\"https:\/\/www.ffct-codep35.org\/wp-content\/uploads\/2017\/01\/CR-CA-11-octobre-2016.pdf\" class=\"mtli_attachment mtli_pdf\" target=\"_blank\" rel=\"noopener noreferrer\"><span style=\"text-decoration: underline; color: #000000;\"><span style=\"text-decoration: underline;\">Compte-rendu CA du 11 10 2016<\/span><\/span><\/a><\/h3>\n<h3 style=\"text-align: left;\"><a href=\"https:\/\/www.ffct-codep35.org\/wp-content\/uploads\/2012\/02\/CR-CA-21-juin-2016.pdf\" class=\"mtli_attachment mtli_pdf\" target=\"_blank\" rel=\"noopener noreferrer\"><span style=\"text-decoration: underline; color: #000000;\"><span style=\"text-decoration: underline;\">Compte-rendu CA du 21 06 2016<\/span><\/span><\/a><\/h3>\n<h3 style=\"text-align: left;\"><a href=\"https:\/\/www.ffct-codep35.org\/wp-content\/uploads\/2012\/02\/CR-CA-26-avril-2016.pdf\" class=\"mtli_attachment mtli_pdf\" target=\"_blank\" rel=\"noopener noreferrer\"><span style=\"text-decoration: underline; color: #000000;\"><span style=\"text-decoration: underline;\">Compte-rendu CA du 26 04 2016<\/span><\/span><\/a><\/h3>\n<h3 style=\"text-align: left;\"><a href=\"https:\/\/www.ffct-codep35.org\/wp-content\/uploads\/2012\/02\/CR-CA-25-janvier-2016.pdf\" class=\"mtli_attachment mtli_pdf\" target=\"_blank\" rel=\"noopener noreferrer\"><span style=\"text-decoration: underline; color: #000000;\"><span style=\"text-decoration: underline;\">Compte-rendu CA du 25 01 2016<\/span><\/span><\/a><\/h3>\n<h3 style=\"text-align: left;\"><span style=\"text-decoration: underline; color: #000000;\"><span style=\"text-decoration: underline;\"><a style=\"color: #000000; text-decoration: underline;\" href=\"https:\/\/www.ffct-codep35.org\/wp-content\/uploads\/2012\/02\/CR-CA-9-novembre-2015.pdf\" class=\"mtli_attachment mtli_pdf\" target=\"_blank\" rel=\"noopener noreferrer\">Compte-rendu CA du 09 11 2015<\/a><\/span><\/span><\/h3>\n<h3 style=\"text-align: left;\"><span style=\"text-decoration: underline; color: #000000;\"><span style=\"text-decoration: underline;\"><a style=\"color: #000000; text-decoration: underline;\" href=\"https:\/\/www.ffct-codep35.org\/wp-content\/uploads\/2012\/02\/CR-CA-22-septembre-2015.pdf\" class=\"mtli_attachment mtli_pdf\" target=\"_blank\" rel=\"noopener noreferrer\">Compte-rendu CA du 22 09 2015<\/a><\/span><\/span><\/h3>\n<h3 style=\"text-align: left;\"><span style=\"text-decoration: underline; color: #000000;\"><span style=\"text-decoration: underline;\"><a style=\"color: #000000; text-decoration: underline;\" href=\"https:\/\/www.ffct-codep35.org\/wp-content\/uploads\/2012\/02\/CR-CA-17-juin-2015.pdf\" class=\"mtli_attachment mtli_pdf\" target=\"_blank\" rel=\"noopener noreferrer\">Compte-rendu CA du 17 06 2015<\/a><\/span><\/span><\/h3>\n<h3><span style=\"text-decoration: underline; color: #000000;\"><span style=\"text-decoration: underline;\"><a style=\"color: #000000; text-decoration: underline;\" href=\"https:\/\/www.ffct-codep35.org\/wp-content\/uploads\/2012\/02\/CR-CA-13-mars-2015.pdf\" class=\"mtli_attachment mtli_pdf\" target=\"_blank\" rel=\"noopener noreferrer\">Compte-rendu CA du 13 03 2015<\/a><\/span><\/span><\/h3>\n<h3><a href=\"https:\/\/www.ffct-codep35.org\/wp-content\/uploads\/2015\/04\/CR-CA-27-novembre-2014.pdf\" class=\"mtli_attachment mtli_pdf\" target=\"_blank\" rel=\"noopener noreferrer\"><span style=\"text-decoration: underline;\"><span style=\"color: #000000; text-decoration: underline;\">Compte-rendu CA du 27 11 2014<\/span><\/span><\/a><\/h3>\n<h3><a href=\"https:\/\/www.ffct-codep35.org\/wp-content\/uploads\/2015\/01\/CR-CA-23-septembre-2014.pdf\" class=\"mtli_attachment mtli_pdf\" target=\"_blank\" rel=\"noopener noreferrer\"><span style=\"text-decoration: underline;\"><span style=\"color: #000000; text-decoration: underline;\">Compte-rendu CA du 23 09 2014<\/span><\/span><\/a><\/h3>\n<h3><a title=\"CA du 24 juin 2014\" href=\"https:\/\/www.ffct-codep35.org\/wp-content\/uploads\/2012\/02\/CR-CA-24-juin-2014.pdf\" class=\"mtli_attachment mtli_pdf\" target=\"_blank\" rel=\"noopener noreferrer\"><span style=\"text-decoration: underline;\"><span style=\"color: #000000; text-decoration: underline;\">Compte-rendu CA du 24 06 2014<\/span><\/span><\/a><\/h3>\n<h3><a href=\"https:\/\/www.ffct-codep35.org\/wp-content\/uploads\/2012\/02\/CR-CA-extraordinaire-17-avril-2014.pdf\" class=\"mtli_attachment mtli_pdf\" target=\"_blank\" rel=\"noopener noreferrer\"><span style=\"text-decoration: underline;\"><span style=\"color: #000000; text-decoration: underline;\">Compte-rendu CA extraordinaire du 17 04 2014<\/span><\/span><\/a><\/h3>\n<h3><a href=\"https:\/\/www.ffct-codep35.org\/wp-content\/uploads\/2012\/02\/CR-CA-14-f\u00e9vrier-2014.pdf\" class=\"mtli_attachment mtli_pdf\" target=\"_blank\" rel=\"noopener noreferrer\"><span style=\"text-decoration: underline;\"><span style=\"color: #000000; text-decoration: underline;\">Compte-rendu CA du 14 02 2014<\/span><\/span><\/a><\/h3>\n<h3><a href=\"https:\/\/www.ffct-codep35.org\/wp-content\/uploads\/2012\/02\/CR-CA-22-novembre-2013.pdf\" class=\"mtli_attachment mtli_pdf\" target=\"_blank\" rel=\"noopener noreferrer\"><span style=\"text-decoration: underline;\"><span style=\"color: #000000; text-decoration: underline;\">Compte-rendu CA du 22 11 2013<\/span><\/span><\/a><\/h3>\n<h3><a href=\"https:\/\/www.ffct-codep35.org\/wp-content\/uploads\/2012\/02\/CR-CA-23-septembre-2013.pdf\" class=\"mtli_attachment mtli_pdf\" target=\"_blank\" rel=\"noopener noreferrer\"><span style=\"text-decoration: underline;\"><span style=\"color: #000000; text-decoration: underline;\">Compte-rendu CA du 23 09 2013<\/span><\/span><\/a><\/h3>\n<h3><span style=\"text-decoration: underline;\"><span style=\"color: #000000;\"><a style=\"color: #000000; text-decoration: underline;\" title=\"Compte rendu CA du 3 juin 2013\" href=\"https:\/\/www.ffct-codep35.org\/wp-content\/uploads\/2012\/02\/CR-CA-3-juin-2013.pdf\" class=\"mtli_attachment mtli_pdf\" target=\"_blank\" rel=\"noopener noreferrer\">Compte-rendu CA du 03 06 2013<\/a><\/span><\/span><\/h3>\n<h3><span style=\"text-decoration: underline;\"><span style=\"color: #000000; text-decoration: underline;\"><a style=\"color: #000000; text-decoration: underline;\" title=\"CA du 15 f\u00e9vrier 2013\" href=\"https:\/\/www.ffct-codep35.org\/wp-content\/uploads\/2012\/02\/CR-CA-15-f\u00e9vrier-2013.pdf\" class=\"mtli_attachment mtli_pdf\" target=\"_blank\" rel=\"noopener noreferrer\">Compte-rendu CA du 15 02 2013<\/a><\/span><\/span><\/h3>\n<h3><span style=\"text-decoration: underline;\"><span style=\"color: #000000; text-decoration: underline;\"><a style=\"color: #000000; text-decoration: underline;\" href=\"https:\/\/www.ffct-codep35.org\/wp-content\/uploads\/2012\/02\/CR-CA-12-10-2012.pdf\" class=\"mtli_attachment mtli_pdf\">Compte-rendu CA du 12 10 2012<\/a><\/span><\/span><\/h3>\n<h3><span style=\"text-decoration: underline;\"><span style=\"color: #000000;\"><a style=\"color: #000000; text-decoration: underline;\" href=\"https:\/\/www.ffct-codep35.org\/wp-content\/uploads\/2012\/02\/CR-CA-6-juillet-2012.pdf\" class=\"mtli_attachment mtli_pdf\">Compte-rendu CA du 06 07 2012<\/a><\/span><\/span><\/h3>\n<h3><span style=\"text-decoration: underline;\"><span style=\"color: #000000; text-decoration: underline;\"><a style=\"color: #000000; text-decoration: underline;\" href=\"https:\/\/www.ffct-codep35.org\/wp-content\/uploads\/2012\/02\/CR-CA-23-mars-2012.pdf\" class=\"mtli_attachment mtli_pdf\">Compte-rendu CA du 23 03 2012<\/a><\/span><\/span><\/h3>\n<h3><span style=\"text-decoration: underline;\"><span style=\"color: #000000; text-decoration: underline;\"><a style=\"color: #000000; text-decoration: underline;\" href=\"https:\/\/www.ffct-codep35.org\/wp-content\/uploads\/2012\/02\/CR-CA-02-12-2011.pdf\" class=\"mtli_attachment mtli_pdf\">Compte-rendu CA du 02 12 2011<\/a><\/span><\/span><\/h3>\n<h3><span style=\"text-decoration: underline;\"><span style=\"color: #000000;\"><a href=\"https:\/\/www.ffct-codep35.org\/wp-content\/uploads\/2012\/02\/CR_CA-du-05-10-2011.pdf\" class=\"mtli_attachment mtli_pdf\" target=\"_blank\" rel=\"noopener noreferrer\"><span style=\"color: #000000; text-decoration: underline;\">Compte-rendu CA du 05 10 2011<\/span><\/a><\/span><\/span><\/h3>\n<p>&nbsp;<\/p>\n<h3>&nbsp;<\/h3>\n<p>&nbsp;<\/p>\n<p>&nbsp;<\/p>\n","protected":false},"excerpt":{"rendered":"<p>Les comptes rendus du Conseil d&rsquo;Administration du Comit\u00e9 sont r\u00e9serv\u00e9s aux licenci\u00e9s du CODEP 35. Compte-rendu de l&rsquo;AG 2025 : en cours de r\u00e9daction Compte-rendu CA du 18 12 2025 : en cours de validation Compte-rendu CA du 25 09 2025 Compte-rendu CA du 26 06 2025 Compte-rendu CA du 23 04 2025 Compte-rendu CA &hellip; <\/p>\n<p><a class=\"more-link block-button\" href=\"https:\/\/www.ffct-codep35.org\/?page_id=281\">Continue reading &raquo;<\/a><\/p>\n","protected":false},"author":1,"featured_media":0,"parent":0,"menu_order":0,"comment_status":"closed","ping_status":"closed","template":"","meta":{"ngg_post_thumbnail":0,"footnotes":""},"class_list":["post-281","page","type-page","status-publish","hentry","nodate"],"_links":{"self":[{"href":"https:\/\/www.ffct-codep35.org\/index.php?rest_route=\/wp\/v2\/pages\/281","targetHints":{"allow":["GET"]}}],"collection":[{"href":"https:\/\/www.ffct-codep35.org\/index.php?rest_route=\/wp\/v2\/pages"}],"about":[{"href":"https:\/\/www.ffct-codep35.org\/index.php?rest_route=\/wp\/v2\/types\/page"}],"author":[{"embeddable":true,"href":"https:\/\/www.ffct-codep35.org\/index.php?rest_route=\/wp\/v2\/users\/1"}],"replies":[{"embeddable":true,"href":"https:\/\/www.ffct-codep35.org\/index.php?rest_route=%2Fwp%2Fv2%2Fcomments&post=281"}],"version-history":[{"count":5,"href":"https:\/\/www.ffct-codep35.org\/index.php?rest_route=\/wp\/v2\/pages\/281\/revisions"}],"predecessor-version":[{"id":6603,"href":"https:\/\/www.ffct-codep35.org\/index.php?rest_route=\/wp\/v2\/pages\/281\/revisions\/6603"}],"wp:attachment":[{"href":"https:\/\/www.ffct-codep35.org\/index.php?rest_route=%2Fwp%2Fv2%2Fmedia&parent=281"}],"curies":[{"name":"wp","href":"https:\/\/api.w.org\/{rel}","templated":true}]}}