{"id":275,"date":"2012-02-26T16:30:52","date_gmt":"2012-02-26T15:30:52","guid":{"rendered":"http:\/\/www.ffct-codep35.org\/?page_id=275"},"modified":"2025-02-20T10:30:29","modified_gmt":"2025-02-20T09:30:29","slug":"nous-situer","status":"publish","type":"page","link":"https:\/\/www.ffct-codep35.org\/?page_id=275","title":{"rendered":"Nous situer"},"content":{"rendered":"<p>Le Comit\u00e9 D\u00e9partemental de Cyclotourisme a son bureau dans l&rsquo;enceinte de la Maison D\u00e9partementale des Sports CDOS, 13B avenue de Cucill\u00e9. Le b\u00e2timent est situ\u00e9 au fond d&rsquo;une impasse.<\/p>\n<p><iframe loading=\"lazy\" width=\"425\" height=\"350\" frameborder=\"0\" scrolling=\"no\" marginheight=\"0\" marginwidth=\"0\" src=\"https:\/\/maps.google.fr\/maps\/ms?msa=0&amp;msid=211898791005842498407.0004d14f724144610a8ac&amp;hl=fr&amp;ie=UTF8&amp;t=m&amp;source=embed&amp;ll=48.126226,-1.69919&amp;spn=0.010026,0.018239&amp;z=15&amp;output=embed\"><\/iframe><br \/><small>Afficher <a href=\"https:\/\/maps.google.fr\/maps\/ms?msa=0&amp;msid=211898791005842498407.0004d14f724144610a8ac&amp;hl=fr&amp;ie=UTF8&amp;t=m&amp;source=embed&amp;ll=48.126226,-1.69919&amp;spn=0.010026,0.018239&amp;z=15\" style=\"color:#0000FF;text-align:left\">Comit\u00e9 d\u00e9partemental 35 FFCT<\/a> sur une carte plus grande<\/small><\/p>\n<p>&nbsp;<\/p>\n<p>Pour agrandir l&rsquo;image, cliquer sur la photo ci-dessous.<\/p>\n<p><a href=\"https:\/\/www.ffct-codep35.org\/wp-content\/uploads\/2012\/02\/Maison-des-Sports_emplacement-e1740043758434.jpg\"><img loading=\"lazy\" decoding=\"async\" class=\"aligncenter size-full wp-image-276\" title=\"Maison des Sports_emplacement\" alt=\"\" src=\"https:\/\/www.ffct-codep35.org\/wp-content\/uploads\/2012\/02\/Maison-des-Sports_emplacement-e1740043758434.jpg\" width=\"1249\" height=\"999\" \/><\/a><\/p>\n","protected":false},"excerpt":{"rendered":"<p>Le Comit\u00e9 D\u00e9partemental de Cyclotourisme a son bureau dans l&rsquo;enceinte de la Maison D\u00e9partementale des Sports CDOS, 13B avenue de Cucill\u00e9. Le b\u00e2timent est situ\u00e9 au fond d&rsquo;une impasse. Afficher Comit\u00e9 d\u00e9partemental 35 FFCT sur une carte plus grande &nbsp; Pour agrandir l&rsquo;image, cliquer sur la photo ci-dessous.<\/p>\n","protected":false},"author":1,"featured_media":0,"parent":0,"menu_order":0,"comment_status":"closed","ping_status":"closed","template":"","meta":{"ngg_post_thumbnail":0,"footnotes":""},"class_list":["post-275","page","type-page","status-publish","hentry","nodate"],"_links":{"self":[{"href":"https:\/\/www.ffct-codep35.org\/index.php?rest_route=\/wp\/v2\/pages\/275","targetHints":{"allow":["GET"]}}],"collection":[{"href":"https:\/\/www.ffct-codep35.org\/index.php?rest_route=\/wp\/v2\/pages"}],"about":[{"href":"https:\/\/www.ffct-codep35.org\/index.php?rest_route=\/wp\/v2\/types\/page"}],"author":[{"embeddable":true,"href":"https:\/\/www.ffct-codep35.org\/index.php?rest_route=\/wp\/v2\/users\/1"}],"replies":[{"embeddable":true,"href":"https:\/\/www.ffct-codep35.org\/index.php?rest_route=%2Fwp%2Fv2%2Fcomments&post=275"}],"version-history":[{"count":3,"href":"https:\/\/www.ffct-codep35.org\/index.php?rest_route=\/wp\/v2\/pages\/275\/revisions"}],"predecessor-version":[{"id":6254,"href":"https:\/\/www.ffct-codep35.org\/index.php?rest_route=\/wp\/v2\/pages\/275\/revisions\/6254"}],"wp:attachment":[{"href":"https:\/\/www.ffct-codep35.org\/index.php?rest_route=%2Fwp%2Fv2%2Fmedia&parent=275"}],"curies":[{"name":"wp","href":"https:\/\/api.w.org\/{rel}","templated":true}]}}