{"id":1631,"date":"2014-01-12T19:13:24","date_gmt":"2014-01-12T18:13:24","guid":{"rendered":"http:\/\/www.ffct-codep35.org\/?page_id=1631"},"modified":"2014-08-26T21:31:18","modified_gmt":"2014-08-26T20:31:18","slug":"challenge-de-bretagne-des-randonnees-permanentes","status":"publish","type":"page","link":"https:\/\/www.ffct-codep35.org\/?page_id=1631","title":{"rendered":"Challenge de Bretagne des randonn\u00e9es permanentes"},"content":{"rendered":"<ul>\n<li><a title=\"R\u00e8glement 2014\" href=\"https:\/\/www.ffct-codep35.org\/wp-content\/uploads\/2014\/01\/REGLEMENT-challenge-RP-bRETAGNE-VERSION-02-ann\u00e9e-2014.pdf\" class=\"mtli_attachment mtli_pdf\" target=\"_blank\"><span style=\"text-decoration: underline;\"><span style=\"color: #000080; text-decoration: underline;\"><span style=\"color: #000080; text-decoration: underline;\">R\u00e8glement<\/span><\/span><\/span><\/a><\/li>\n<li><a title=\"Fiche d'activit\u00e9 2014\" href=\"https:\/\/www.ffct-codep35.org\/wp-content\/uploads\/2014\/01\/challenge-RP-fiche-activit\u00e9-2014.pdf\" class=\"mtli_attachment mtli_pdf\" target=\"_blank\"><span style=\"text-decoration: underline;\"><span style=\"color: #000080; text-decoration: underline;\"><span style=\"color: #000080; text-decoration: underline;\">Fiche d&rsquo;activit\u00e9<\/span><\/span><\/span><\/a><\/li>\n<li><span style=\"text-decoration: underline;\"><span style=\"color: #000080; text-decoration: underline;\"><a title=\"Articles\" href=\"https:\/\/www.ffct-codep35.org\/wp-content\/uploads\/2014\/01\/ARTICLE-LA-CHAINE-LE-FLECHARD-25-11-2013.pdf\" class=\"mtli_attachment mtli_pdf\" target=\"_blank\"><span style=\"color: #000080; text-decoration: underline;\">Articles dans la Cha\u00eene et Le Fl\u00e9chard<\/span><\/a><\/span><\/span><\/li>\n<li><span style=\"text-decoration: underline;\"><span style=\"color: #ff0000; text-decoration: underline;\">Remise des r\u00e9compenses 2013<\/span><\/span><\/li>\n<li><a href=\"https:\/\/www.ffct-codep35.org\/wp-content\/uploads\/2014\/01\/P1390795.jpg\"><img loading=\"lazy\" decoding=\"async\" class=\"wp-image-1636 alignleft\" style=\"border: 0pt none;\" src=\"https:\/\/www.ffct-codep35.org\/wp-content\/uploads\/2014\/01\/P1390795.jpg\" alt=\"P1390795\" width=\"640\" height=\"480\" srcset=\"https:\/\/www.ffct-codep35.org\/wp-content\/uploads\/2014\/01\/P1390795.jpg 800w, https:\/\/www.ffct-codep35.org\/wp-content\/uploads\/2014\/01\/P1390795-300x225.jpg 300w\" sizes=\"auto, (max-width: 640px) 100vw, 640px\" \/><\/a><\/li>\n<\/ul>\n","protected":false},"excerpt":{"rendered":"<p>R\u00e8glement Fiche d&rsquo;activit\u00e9 Articles dans la Cha\u00eene et Le Fl\u00e9chard Remise des r\u00e9compenses 2013<\/p>\n","protected":false},"author":1,"featured_media":0,"parent":0,"menu_order":0,"comment_status":"closed","ping_status":"closed","template":"","meta":{"ngg_post_thumbnail":0,"footnotes":""},"class_list":["post-1631","page","type-page","status-publish","hentry","nodate"],"_links":{"self":[{"href":"https:\/\/www.ffct-codep35.org\/index.php?rest_route=\/wp\/v2\/pages\/1631","targetHints":{"allow":["GET"]}}],"collection":[{"href":"https:\/\/www.ffct-codep35.org\/index.php?rest_route=\/wp\/v2\/pages"}],"about":[{"href":"https:\/\/www.ffct-codep35.org\/index.php?rest_route=\/wp\/v2\/types\/page"}],"author":[{"embeddable":true,"href":"https:\/\/www.ffct-codep35.org\/index.php?rest_route=\/wp\/v2\/users\/1"}],"replies":[{"embeddable":true,"href":"https:\/\/www.ffct-codep35.org\/index.php?rest_route=%2Fwp%2Fv2%2Fcomments&post=1631"}],"version-history":[{"count":5,"href":"https:\/\/www.ffct-codep35.org\/index.php?rest_route=\/wp\/v2\/pages\/1631\/revisions"}],"predecessor-version":[{"id":2106,"href":"https:\/\/www.ffct-codep35.org\/index.php?rest_route=\/wp\/v2\/pages\/1631\/revisions\/2106"}],"wp:attachment":[{"href":"https:\/\/www.ffct-codep35.org\/index.php?rest_route=%2Fwp%2Fv2%2Fmedia&parent=1631"}],"curies":[{"name":"wp","href":"https:\/\/api.w.org\/{rel}","templated":true}]}}