{"id":12,"date":"2012-02-08T19:02:17","date_gmt":"2012-02-08T18:02:17","guid":{"rendered":"http:\/\/www.ffct-codep35.org\/?page_id=12"},"modified":"2024-12-19T18:18:24","modified_gmt":"2024-12-19T17:18:24","slug":"la-chaine","status":"publish","type":"page","link":"https:\/\/www.ffct-codep35.org\/?page_id=12","title":{"rendered":"La Cha\u00eene"},"content":{"rendered":"<h1 style=\"text-align: center;\"><span style=\"text-decoration: underline;\"><strong>La Cha\u00eene<\/strong> <span style=\"color: #ff0000; text-decoration: underline;\">D\u00e9cembre 2024<\/span><\/span><\/h1>\n<h1 style=\"text-align: center;\"><a href=\"https:\/\/www.ffct-codep35.org\/wp-content\/uploads\/2024\/12\/La-Chaine_sommaire.jpg\" target=\"_blank\" rel=\"noopener\"><img loading=\"lazy\" decoding=\"async\" class=\"alignright wp-image-6128\" src=\"https:\/\/www.ffct-codep35.org\/wp-content\/uploads\/2024\/12\/La-Chaine_sommaire.jpg\" alt=\"\" width=\"317\" height=\"460\" srcset=\"https:\/\/www.ffct-codep35.org\/wp-content\/uploads\/2024\/12\/La-Chaine_sommaire.jpg 561w, https:\/\/www.ffct-codep35.org\/wp-content\/uploads\/2024\/12\/La-Chaine_sommaire-207x300.jpg 207w\" sizes=\"auto, (max-width: 317px) 100vw, 317px\" \/><\/a><a href=\"https:\/\/www.ffct-codep35.org\/wp-content\/uploads\/2024\/12\/La-Chaine_Une.jpg\" target=\"_blank\" rel=\"noopener\"><img loading=\"lazy\" decoding=\"async\" class=\"wp-image-6127 alignnone\" src=\"https:\/\/www.ffct-codep35.org\/wp-content\/uploads\/2024\/12\/La-Chaine_Une.jpg\" alt=\"\" width=\"339\" height=\"460\" srcset=\"https:\/\/www.ffct-codep35.org\/wp-content\/uploads\/2024\/12\/La-Chaine_Une.jpg 593w, https:\/\/www.ffct-codep35.org\/wp-content\/uploads\/2024\/12\/La-Chaine_Une-221x300.jpg 221w\" sizes=\"auto, (max-width: 339px) 100vw, 339px\" \/><\/a><\/h1>\n<h3 style=\"text-align: center;\"><strong>En compl\u00e9ment de l&rsquo;\u00e9dition papier, voici 2 articles en direct de nos clubs !<\/strong><\/h3>\n<p style=\"text-align: center;\"><a href=\"https:\/\/www.ffct-codep35.org\/wp-content\/uploads\/2024\/12\/Activites-de-lAMI-CYCLISTE-de-PIPRIAC-en-2024.pdf\" class=\"mtli_attachment mtli_pdf\">Activit\u00e9s de l&rsquo;AMI CYCLISTE de PIPRIAC en 2024<\/a><\/p>\n<p style=\"text-align: center;\"><a href=\"https:\/\/www.ffct-codep35.org\/wp-content\/uploads\/2024\/12\/Les-nouvelles-du-CTC-Cyclo-Tourisme-Cancale.pdf\" class=\"mtli_attachment mtli_pdf\">Les nouvelles du CTC &#8211; Cyclo Tourisme Cancale<\/a><\/p>\n<p style=\"text-align: center;\"><a href=\"https:\/\/www.ffct-codep35.org\/wp-content\/uploads\/2024\/12\/Activites-de-lAMI-CYCLISTE-de-PIPRIAC-en-2024.pdf\" class=\"mtli_attachment mtli_pdf\"><img loading=\"lazy\" decoding=\"async\" class=\"alignnone wp-image-6164\" src=\"https:\/\/www.ffct-codep35.org\/wp-content\/uploads\/2024\/12\/acp.png\" alt=\"\" width=\"231\" height=\"166\"><\/a> <a href=\"https:\/\/www.ffct-codep35.org\/wp-content\/uploads\/2024\/12\/Les-nouvelles-du-CTC-Cyclo-Tourisme-Cancale.pdf\" class=\"mtli_attachment mtli_pdf\"><img loading=\"lazy\" decoding=\"async\" class=\"alignnone wp-image-6165 size-medium\" src=\"https:\/\/www.ffct-codep35.org\/wp-content\/uploads\/2024\/12\/ctc-300x167.png\" alt=\"\" width=\"300\" height=\"167\" srcset=\"https:\/\/www.ffct-codep35.org\/wp-content\/uploads\/2024\/12\/ctc-300x167.png 300w, https:\/\/www.ffct-codep35.org\/wp-content\/uploads\/2024\/12\/ctc-768x428.png 768w, https:\/\/www.ffct-codep35.org\/wp-content\/uploads\/2024\/12\/ctc.png 960w\" sizes=\"auto, (max-width: 300px) 100vw, 300px\" \/><\/a><\/p>\n","protected":false},"excerpt":{"rendered":"<p>La Cha\u00eene D\u00e9cembre 2024 En compl\u00e9ment de l&rsquo;\u00e9dition papier, voici 2 articles en direct de nos clubs ! Activit\u00e9s de l&rsquo;AMI CYCLISTE de PIPRIAC en 2024 Les nouvelles du CTC &#8211; Cyclo Tourisme Cancale<\/p>\n","protected":false},"author":1,"featured_media":0,"parent":0,"menu_order":0,"comment_status":"closed","ping_status":"closed","template":"","meta":{"ngg_post_thumbnail":0,"footnotes":""},"class_list":["post-12","page","type-page","status-publish","hentry","nodate"],"_links":{"self":[{"href":"https:\/\/www.ffct-codep35.org\/index.php?rest_route=\/wp\/v2\/pages\/12","targetHints":{"allow":["GET"]}}],"collection":[{"href":"https:\/\/www.ffct-codep35.org\/index.php?rest_route=\/wp\/v2\/pages"}],"about":[{"href":"https:\/\/www.ffct-codep35.org\/index.php?rest_route=\/wp\/v2\/types\/page"}],"author":[{"embeddable":true,"href":"https:\/\/www.ffct-codep35.org\/index.php?rest_route=\/wp\/v2\/users\/1"}],"replies":[{"embeddable":true,"href":"https:\/\/www.ffct-codep35.org\/index.php?rest_route=%2Fwp%2Fv2%2Fcomments&post=12"}],"version-history":[{"count":4,"href":"https:\/\/www.ffct-codep35.org\/index.php?rest_route=\/wp\/v2\/pages\/12\/revisions"}],"predecessor-version":[{"id":6170,"href":"https:\/\/www.ffct-codep35.org\/index.php?rest_route=\/wp\/v2\/pages\/12\/revisions\/6170"}],"wp:attachment":[{"href":"https:\/\/www.ffct-codep35.org\/index.php?rest_route=%2Fwp%2Fv2%2Fmedia&parent=12"}],"curies":[{"name":"wp","href":"https:\/\/api.w.org\/{rel}","templated":true}]}}