{"id":101,"date":"2012-02-11T21:44:10","date_gmt":"2012-02-11T20:44:10","guid":{"rendered":"http:\/\/www.ffct-codep35.org\/?page_id=101"},"modified":"2024-02-05T11:31:00","modified_gmt":"2024-02-05T10:31:00","slug":"bpfbcn","status":"publish","type":"page","link":"https:\/\/www.ffct-codep35.org\/?page_id=101","title":{"rendered":"BPF\/BCN"},"content":{"rendered":"<h1 style=\"text-align: center;\"><span style=\"color: #339966;\">Plus de 500 hauts lieux touristiques \u00e0 d\u00e9couvrir \u00e0 v\u00e9lo<\/span><\/h1>\n<h1>Tous les points contr\u00f4les des sites BCN-BPF (6 par d\u00e9partement) ainsi que les gazettes du BPF se trouvent en cliquant <a href=\"https:\/\/ffvelo.fr\/randonner-a-velo\/ou-quand-pratiquer\/les-plus-beaux-sites-de-france-bcn-bpf\/\" target=\"_blank\" rel=\"noopener\"><span style=\"color: #ff0000;\"><strong>ICI<span style=\"color: #000000;\">.<\/span><\/strong><\/span><\/a><\/h1>\n<p>&nbsp;<\/p>\n<p>&nbsp;<\/p>\n<p><a href=\"https:\/\/www.ffct-codep35.org\/wp-content\/uploads\/2012\/02\/BPF-dIlle-et-Vilaine.jpg\"><img loading=\"lazy\" decoding=\"async\" class=\"aligncenter size-full wp-image-304\" title=\"BPF d'Ille et Vilaine\" src=\"https:\/\/www.ffct-codep35.org\/wp-content\/uploads\/2012\/02\/BPF-dIlle-et-Vilaine.jpg\" alt=\"\" width=\"637\" height=\"806\" srcset=\"https:\/\/www.ffct-codep35.org\/wp-content\/uploads\/2012\/02\/BPF-dIlle-et-Vilaine.jpg 637w, https:\/\/www.ffct-codep35.org\/wp-content\/uploads\/2012\/02\/BPF-dIlle-et-Vilaine-237x300.jpg 237w\" sizes=\"auto, (max-width: 637px) 100vw, 637px\" \/><\/a><\/p>\n<p>&nbsp;<\/p>\n<p><a href=\"https:\/\/www.ffct-codep35.org\/wp-content\/uploads\/2012\/02\/les-6-BPF1.jpg\"><img loading=\"lazy\" decoding=\"async\" class=\"aligncenter size-medium wp-image-305\" title=\"les 6 BPF\" src=\"https:\/\/www.ffct-codep35.org\/wp-content\/uploads\/2012\/02\/les-6-BPF1-285x300.jpg\" alt=\"\" width=\"285\" height=\"300\" srcset=\"https:\/\/www.ffct-codep35.org\/wp-content\/uploads\/2012\/02\/les-6-BPF1-285x300.jpg 285w, https:\/\/www.ffct-codep35.org\/wp-content\/uploads\/2012\/02\/les-6-BPF1-975x1024.jpg 975w\" sizes=\"auto, (max-width: 285px) 100vw, 285px\" \/><\/a><\/p>\n<p>&nbsp;<\/p>\n<p>&nbsp;<\/p>\n<p>&nbsp;<\/p>\n<p>&nbsp;<\/p>\n<p>&nbsp;<\/p>\n","protected":false},"excerpt":{"rendered":"<p>Plus de 500 hauts lieux touristiques \u00e0 d\u00e9couvrir \u00e0 v\u00e9lo Tous les points contr\u00f4les des sites BCN-BPF (6 par d\u00e9partement) ainsi que les gazettes du BPF se trouvent en cliquant ICI. &nbsp; &nbsp; &nbsp; &nbsp; &nbsp; &nbsp; &nbsp; &nbsp;<\/p>\n","protected":false},"author":1,"featured_media":0,"parent":0,"menu_order":0,"comment_status":"closed","ping_status":"closed","template":"","meta":{"ngg_post_thumbnail":0,"footnotes":""},"class_list":["post-101","page","type-page","status-publish","hentry","nodate"],"_links":{"self":[{"href":"https:\/\/www.ffct-codep35.org\/index.php?rest_route=\/wp\/v2\/pages\/101","targetHints":{"allow":["GET"]}}],"collection":[{"href":"https:\/\/www.ffct-codep35.org\/index.php?rest_route=\/wp\/v2\/pages"}],"about":[{"href":"https:\/\/www.ffct-codep35.org\/index.php?rest_route=\/wp\/v2\/types\/page"}],"author":[{"embeddable":true,"href":"https:\/\/www.ffct-codep35.org\/index.php?rest_route=\/wp\/v2\/users\/1"}],"replies":[{"embeddable":true,"href":"https:\/\/www.ffct-codep35.org\/index.php?rest_route=%2Fwp%2Fv2%2Fcomments&post=101"}],"version-history":[{"count":3,"href":"https:\/\/www.ffct-codep35.org\/index.php?rest_route=\/wp\/v2\/pages\/101\/revisions"}],"predecessor-version":[{"id":5799,"href":"https:\/\/www.ffct-codep35.org\/index.php?rest_route=\/wp\/v2\/pages\/101\/revisions\/5799"}],"wp:attachment":[{"href":"https:\/\/www.ffct-codep35.org\/index.php?rest_route=%2Fwp%2Fv2%2Fmedia&parent=101"}],"curies":[{"name":"wp","href":"https:\/\/api.w.org\/{rel}","templated":true}]}}